{"id":582,"date":"2015-11-05T08:20:10","date_gmt":"2015-11-05T07:20:10","guid":{"rendered":"http:\/\/lk-machines.cz\/?page_id=582"},"modified":"2017-09-21T13:20:04","modified_gmt":"2017-09-21T12:20:04","slug":"multipower","status":"publish","type":"page","link":"https:\/\/lk-machines.cz\/en\/multipower\/","title":{"rendered":"(\u010ce\u0161tina) MULTIPOWER"},"content":{"rendered":"<p><\/p>\n<h1><a href=\"http:\/\/lk-machines.cz\/wp-content\/uploads\/2015\/11\/Logo-Multipower.png\"><img decoding=\"async\" loading=\"lazy\" class=\"  wp-image-732 alignnone\" src=\"http:\/\/lk-machines.cz\/wp-content\/uploads\/2015\/11\/Logo-Multipower-300x36.png\" alt=\"Logo Multipower\" width=\"317\" height=\"38\" srcset=\"https:\/\/lk-machines.cz\/wp-content\/uploads\/2015\/11\/Logo-Multipower-300x36.png 300w, https:\/\/lk-machines.cz\/wp-content\/uploads\/2015\/11\/Logo-Multipower-177x21.png 177w, https:\/\/lk-machines.cz\/wp-content\/uploads\/2015\/11\/Logo-Multipower.png 867w\" sizes=\"(max-width: 317px) 100vw, 317px\" \/><\/a><\/h1>\n<p>MULTIPOWER od spole\u010dnosti Farger &#038; \u00a0Joosten Maschinenbau AG je modern\u00ed silov\u00fd p\u0159evodn\u00edk s\u00a0pneumatick\u00fdm p\u0159ibli\u017eovac\u00edm zdvihem a automaticky aktivovan\u00fdm pneumo-hydraulick\u00fdm silov\u00fdm zdvihem.<\/p>\n<h2>Pneumo-hydraulick\u00e9 v\u00e1lce MULTIPOWER<\/h2>\n<p>Pracovn\u00ed v\u00fdkon 3-1000kN (0,3-100T).\u00a0\u0158\u00edzen pouze vzduchem, bez hydraulick\u00e9 pohonn\u00e9 jednotky.\u00a0Rychlost d\u00edky pneumatick\u00e9mu p\u0159ibli\u017eovac\u00edmu a zp\u011btn\u00e9mu zdvihu.\u00a0Automatick\u00e9 p\u0159epnut\u00ed z\u00a0p\u0159ibli\u017eovac\u00edho do silov\u00e9ho zdvihu.\u00a0Libovoln\u00e1 pracovn\u00ed pozice<\/p>\n<h2>R\u00e1my lis\u016f MULTIPOWER<\/h2>\n<p>Kompletn\u00ed konstrukce a v\u00fdroba r\u00e1m\u016f lis\u016f v\u010detn\u011b fin\u00e1ln\u00edch komponent\u016f prob\u00edh\u00e1 dle po\u017eadavk\u016f z\u00e1kazn\u00edk\u016f. Zejm\u00e9na je kladen d\u016fraz na maxim\u00e1ln\u00ed povolen\u00e9 proh\u00fdb\u00e1n\u00ed r\u00e1m\u016f. V\u00fdroba prob\u00edh\u00e1 p\u0159\u00edmo ve v\u00fdrobn\u00edm z\u00e1vod\u011b s\u00a0ohledem na individu\u00e1ln\u00ed po\u017eadavky z\u00e1kazn\u00edk\u016f. Nab\u00edz\u00edme C-r\u00e1my a sloupov\u00e9 r\u00e1my dle specifikac\u00ed.<\/p>\n<p><strong>MULTIPOWER od spole\u010dnosti Farger &#038; Joosten Maschinenbau GmbH<\/strong><\/p>\n<p>je modern\u00ed silov\u00fd p\u0159evodn\u00edk s\u00a0pneumatick\u00fdm p\u0159ibli\u017eovac\u00edm zdvihem a automaticky aktivovan\u00fdm pneumo-hydraulick\u00fdm silov\u00fdm zdvihem.<\/p>\n<p>Pracovn\u00ed v\u00fdkon v\u00a0rozp\u011bt\u00ed 3-1000kN (0,3-100T)<\/p>\n<p><strong>Hlavn\u00ed v\u00fdhody:<\/strong><\/p>\n<ul>\n<li>Rychlost a s\u00edla<\/li>\n<li>Libovoln\u00e1 pracovn\u00ed pozice<\/li>\n<li>Minim\u00e1ln\u00ed po\u017eadavky na \u00fadr\u017ebu<\/li>\n<li>N\u00edzk\u00e1 energetick\u00e1 n\u00e1ro\u010dnost<\/li>\n<\/ul>\n<p>Dostupn\u00fd ve verz\u00edch 6, 8 a 10 bar\u016f<\/p>","protected":false},"excerpt":{"rendered":"<p>MULTIPOWER od spole\u010dnosti Farger &#038; \u00a0Joosten Maschinenbau AG je modern\u00ed silov\u00fd p\u0159evodn\u00edk s\u00a0pneumatick\u00fdm p\u0159ibli\u017eovac\u00edm zdvihem a automaticky aktivovan\u00fdm pneumo-hydraulick\u00fdm silov\u00fdm zdvihem. Pneumo-hydraulick\u00e9 v\u00e1lce MULTIPOWER Pracovn\u00ed v\u00fdkon 3-1000kN (0,3-100T).\u00a0\u0158\u00edzen pouze vzduchem, bez hydraulick\u00e9 pohonn\u00e9 jednotky.\u00a0Rychlost d\u00edky pneumatick\u00e9mu p\u0159ibli\u017eovac\u00edmu a zp\u011btn\u00e9mu zdvihu.\u00a0Automatick\u00e9 &hellip; <a href=\"https:\/\/lk-machines.cz\/en\/multipower\/\">Continue reading <span class=\"meta-nav\">&rarr;<\/span><\/a><\/p>\n","protected":false},"author":2,"featured_media":0,"parent":0,"menu_order":1000,"comment_status":"open","ping_status":"open","template":"","meta":[],"_links":{"self":[{"href":"https:\/\/lk-machines.cz\/en\/wp-json\/wp\/v2\/pages\/582"}],"collection":[{"href":"https:\/\/lk-machines.cz\/en\/wp-json\/wp\/v2\/pages"}],"about":[{"href":"https:\/\/lk-machines.cz\/en\/wp-json\/wp\/v2\/types\/page"}],"author":[{"embeddable":true,"href":"https:\/\/lk-machines.cz\/en\/wp-json\/wp\/v2\/users\/2"}],"replies":[{"embeddable":true,"href":"https:\/\/lk-machines.cz\/en\/wp-json\/wp\/v2\/comments?post=582"}],"version-history":[{"count":19,"href":"https:\/\/lk-machines.cz\/en\/wp-json\/wp\/v2\/pages\/582\/revisions"}],"predecessor-version":[{"id":1770,"href":"https:\/\/lk-machines.cz\/en\/wp-json\/wp\/v2\/pages\/582\/revisions\/1770"}],"wp:attachment":[{"href":"https:\/\/lk-machines.cz\/en\/wp-json\/wp\/v2\/media?parent=582"}],"curies":[{"name":"wp","href":"https:\/\/api.w.org\/{rel}","templated":true}]}}