{"id":16,"date":"2015-07-23T14:34:33","date_gmt":"2015-07-23T13:34:33","guid":{"rendered":"http:\/\/lk-machines.cz\/?page_id=16"},"modified":"2020-01-14T15:42:22","modified_gmt":"2020-01-14T14:42:22","slug":"kontakt","status":"publish","type":"page","link":"https:\/\/lk-machines.cz\/en\/kontakt\/","title":{"rendered":"Kontakt"},"content":{"rendered":"<p><strong>Faktura\u010dn\u00ed \u00fadaje:<\/strong><br \/>\nLK Machines, s.r.o.<br \/>\nJi\u010d\u00ednsk\u00e1 226\/17, 130 00 Praha 3<br \/>\nICO: 043 12\u00a0503<br \/>\nDIC: CZ 043 12\u00a0503<br \/>\nZaps\u00e1na v\u00a0obchodn\u00edm rejst\u0159\u00edku veden\u00e9m M\u011bstsk\u00fdm soudem v\u00a0Praze odd\u00edl C , vlo\u017eka 245433<\/p>\n<p><strong>Kontakt:<\/strong><\/p>\n<p>Email: <span style=\"text-decoration: underline;\"><span style=\"color: #000080; text-decoration: underline;\">info@lk-machines.cz<\/span><\/span><br \/>\nTel.: +420 728 255 969<br \/>\nTel.: +420 728 209 790<\/p>","protected":false},"excerpt":{"rendered":"<p>Faktura\u010dn\u00ed \u00fadaje: LK Machines, s.r.o. Ji\u010d\u00ednsk\u00e1 226\/17, 130 00 Praha 3 ICO: 043 12\u00a0503 DIC: CZ 043 12\u00a0503 Zaps\u00e1na v\u00a0obchodn\u00edm rejst\u0159\u00edku veden\u00e9m M\u011bstsk\u00fdm soudem v\u00a0Praze odd\u00edl C , vlo\u017eka 245433 Kontakt: Email: info@lk-machines.cz Tel.: +420 728 255 969 Tel.: +420 &hellip; <a href=\"https:\/\/lk-machines.cz\/en\/kontakt\/\">Continue reading <span class=\"meta-nav\">&rarr;<\/span><\/a><\/p>\n","protected":false},"author":1,"featured_media":0,"parent":0,"menu_order":0,"comment_status":"open","ping_status":"open","template":"","meta":[],"_links":{"self":[{"href":"https:\/\/lk-machines.cz\/en\/wp-json\/wp\/v2\/pages\/16"}],"collection":[{"href":"https:\/\/lk-machines.cz\/en\/wp-json\/wp\/v2\/pages"}],"about":[{"href":"https:\/\/lk-machines.cz\/en\/wp-json\/wp\/v2\/types\/page"}],"author":[{"embeddable":true,"href":"https:\/\/lk-machines.cz\/en\/wp-json\/wp\/v2\/users\/1"}],"replies":[{"embeddable":true,"href":"https:\/\/lk-machines.cz\/en\/wp-json\/wp\/v2\/comments?post=16"}],"version-history":[{"count":26,"href":"https:\/\/lk-machines.cz\/en\/wp-json\/wp\/v2\/pages\/16\/revisions"}],"predecessor-version":[{"id":2247,"href":"https:\/\/lk-machines.cz\/en\/wp-json\/wp\/v2\/pages\/16\/revisions\/2247"}],"wp:attachment":[{"href":"https:\/\/lk-machines.cz\/en\/wp-json\/wp\/v2\/media?parent=16"}],"curies":[{"name":"wp","href":"https:\/\/api.w.org\/{rel}","templated":true}]}}