{"id":940,"date":"2017-08-21T08:59:48","date_gmt":"2017-08-21T07:59:48","guid":{"rendered":"http:\/\/lk-machines.cz\/?page_id=940"},"modified":"2017-09-13T13:18:37","modified_gmt":"2017-09-13T12:18:37","slug":"o-spolecnosti-star-technology","status":"publish","type":"page","link":"http:\/\/lk-machines.cz\/en\/star-technology\/o-spolecnosti-star-technology\/","title":{"rendered":"(\u010ce\u0161tina) O spole\u010dnosti Star Technology"},"content":{"rendered":"<p>Stitched_001\" width=\"300\" height=\"133\" srcset=\"http:\/\/lk-machines.cz\/wp-content\/uploads\/2017\/09\/Stitched_001-300x133.jpg 300w, http:\/\/lk-machines.cz\/wp-content\/uploads\/2017\/09\/Stitched_001-177x78.jpg 177w, http:\/\/lk-machines.cz\/wp-content\/uploads\/2017\/09\/Stitched_001-1024x454.jpg 1024w, http:\/\/lk-machines.cz\/wp-content\/uploads\/2017\/09\/Stitched_001.jpg 1274w\" sizes=\"(max-width: 300px) 100vw, 300px\" \/><\/a><\/p>\n<p>&nbsp;<\/p>","protected":false},"excerpt":{"rendered":"<p>Stitched_001&#8243; width=&#8221;300&#8243; height=&#8221;133&#8243; srcset=&#8221;http:\/\/lk-machines.cz\/wp-content\/uploads\/2017\/09\/Stitched_001-300&#215;133.jpg 300w, http:\/\/lk-machines.cz\/wp-content\/uploads\/2017\/09\/Stitched_001-177&#215;78.jpg 177w, http:\/\/lk-machines.cz\/wp-content\/uploads\/2017\/09\/Stitched_001-1024&#215;454.jpg 1024w, http:\/\/lk-machines.cz\/wp-content\/uploads\/2017\/09\/Stitched_001.jpg 1274w&#8221; sizes=&#8221;(max-width: 300px) 100vw, 300px&#8221; \/> &nbsp;<\/p>\n","protected":false},"author":2,"featured_media":1556,"parent":843,"menu_order":1,"comment_status":"open","ping_status":"open","template":"","meta":[],"_links":{"self":[{"href":"http:\/\/lk-machines.cz\/en\/wp-json\/wp\/v2\/pages\/940"}],"collection":[{"href":"http:\/\/lk-machines.cz\/en\/wp-json\/wp\/v2\/pages"}],"about":[{"href":"http:\/\/lk-machines.cz\/en\/wp-json\/wp\/v2\/types\/page"}],"author":[{"embeddable":true,"href":"http:\/\/lk-machines.cz\/en\/wp-json\/wp\/v2\/users\/2"}],"replies":[{"embeddable":true,"href":"http:\/\/lk-machines.cz\/en\/wp-json\/wp\/v2\/comments?post=940"}],"version-history":[{"count":3,"href":"http:\/\/lk-machines.cz\/en\/wp-json\/wp\/v2\/pages\/940\/revisions"}],"predecessor-version":[{"id":1683,"href":"http:\/\/lk-machines.cz\/en\/wp-json\/wp\/v2\/pages\/940\/revisions\/1683"}],"up":[{"embeddable":true,"href":"http:\/\/lk-machines.cz\/en\/wp-json\/wp\/v2\/pages\/843"}],"wp:featuredmedia":[{"embeddable":true,"href":"http:\/\/lk-machines.cz\/en\/wp-json\/wp\/v2\/media\/1556"}],"wp:attachment":[{"href":"http:\/\/lk-machines.cz\/en\/wp-json\/wp\/v2\/media?parent=940"}],"curies":[{"name":"wp","href":"https:\/\/api.w.org\/{rel}","templated":true}]}}