{"id":922,"date":"2017-08-14T17:35:52","date_gmt":"2017-08-14T16:35:52","guid":{"rendered":"http:\/\/lk-machines.cz\/?page_id=922"},"modified":"2017-09-09T13:11:13","modified_gmt":"2017-09-09T12:11:13","slug":"plazmove-rezacky","status":"publish","type":"page","link":"http:\/\/lk-machines.cz\/en\/mackma\/plazmove-rezacky\/","title":{"rendered":"(\u010ce\u0161tina) Plazmov\u00e9 \u0159eza\u010dky"},"content":{"rendered":"<p class=\"qtranxs-available-languages-message qtranxs-available-languages-message-en\">Sorry, this entry is only available in <a href=\"http:\/\/lk-machines.cz\/cs\/wp-json\/wp\/v2\/pages\/922\" class=\"qtranxs-available-language-link qtranxs-available-language-link-cs\" title=\"\u010ce\u0161tina\">Czech<\/a>.<\/p>","protected":false},"excerpt":{"rendered":"","protected":false},"author":2,"featured_media":998,"parent":841,"menu_order":6,"comment_status":"open","ping_status":"open","template":"","meta":[],"_links":{"self":[{"href":"http:\/\/lk-machines.cz\/en\/wp-json\/wp\/v2\/pages\/922"}],"collection":[{"href":"http:\/\/lk-machines.cz\/en\/wp-json\/wp\/v2\/pages"}],"about":[{"href":"http:\/\/lk-machines.cz\/en\/wp-json\/wp\/v2\/types\/page"}],"author":[{"embeddable":true,"href":"http:\/\/lk-machines.cz\/en\/wp-json\/wp\/v2\/users\/2"}],"replies":[{"embeddable":true,"href":"http:\/\/lk-machines.cz\/en\/wp-json\/wp\/v2\/comments?post=922"}],"version-history":[{"count":6,"href":"http:\/\/lk-machines.cz\/en\/wp-json\/wp\/v2\/pages\/922\/revisions"}],"predecessor-version":[{"id":1650,"href":"http:\/\/lk-machines.cz\/en\/wp-json\/wp\/v2\/pages\/922\/revisions\/1650"}],"up":[{"embeddable":true,"href":"http:\/\/lk-machines.cz\/en\/wp-json\/wp\/v2\/pages\/841"}],"wp:featuredmedia":[{"embeddable":true,"href":"http:\/\/lk-machines.cz\/en\/wp-json\/wp\/v2\/media\/998"}],"wp:attachment":[{"href":"http:\/\/lk-machines.cz\/en\/wp-json\/wp\/v2\/media?parent=922"}],"curies":[{"name":"wp","href":"https:\/\/api.w.org\/{rel}","templated":true}]}}