{"id":870,"date":"2017-08-14T17:00:21","date_gmt":"2017-08-14T16:00:21","guid":{"rendered":"http:\/\/lk-machines.cz\/?page_id=870"},"modified":"2017-09-15T16:19:49","modified_gmt":"2017-09-15T15:19:49","slug":"ohybacky-trubek-beztrnove","status":"publish","type":"page","link":"http:\/\/lk-machines.cz\/en\/mackma\/ohybacky-trubek-beztrnove\/","title":{"rendered":"(\u010ce\u0161tina) Oh\u00fdba\u010dky trubek beztrnov\u00e9"},"content":{"rendered":"<p class=\"qtranxs-available-languages-message qtranxs-available-languages-message-en\">Sorry, this entry is only available in <a href=\"http:\/\/lk-machines.cz\/cs\/wp-json\/wp\/v2\/pages\/870\" class=\"qtranxs-available-language-link qtranxs-available-language-link-cs\" title=\"\u010ce\u0161tina\">Czech<\/a>.<\/p>","protected":false},"excerpt":{"rendered":"","protected":false},"author":2,"featured_media":992,"parent":841,"menu_order":2,"comment_status":"open","ping_status":"open","template":"","meta":[],"_links":{"self":[{"href":"http:\/\/lk-machines.cz\/en\/wp-json\/wp\/v2\/pages\/870"}],"collection":[{"href":"http:\/\/lk-machines.cz\/en\/wp-json\/wp\/v2\/pages"}],"about":[{"href":"http:\/\/lk-machines.cz\/en\/wp-json\/wp\/v2\/types\/page"}],"author":[{"embeddable":true,"href":"http:\/\/lk-machines.cz\/en\/wp-json\/wp\/v2\/users\/2"}],"replies":[{"embeddable":true,"href":"http:\/\/lk-machines.cz\/en\/wp-json\/wp\/v2\/comments?post=870"}],"version-history":[{"count":5,"href":"http:\/\/lk-machines.cz\/en\/wp-json\/wp\/v2\/pages\/870\/revisions"}],"predecessor-version":[{"id":1646,"href":"http:\/\/lk-machines.cz\/en\/wp-json\/wp\/v2\/pages\/870\/revisions\/1646"}],"up":[{"embeddable":true,"href":"http:\/\/lk-machines.cz\/en\/wp-json\/wp\/v2\/pages\/841"}],"wp:featuredmedia":[{"embeddable":true,"href":"http:\/\/lk-machines.cz\/en\/wp-json\/wp\/v2\/media\/992"}],"wp:attachment":[{"href":"http:\/\/lk-machines.cz\/en\/wp-json\/wp\/v2\/media?parent=870"}],"curies":[{"name":"wp","href":"https:\/\/api.w.org\/{rel}","templated":true}]}}