{"id":868,"date":"2017-08-14T16:58:54","date_gmt":"2017-08-14T15:58:54","guid":{"rendered":"http:\/\/lk-machines.cz\/?page_id=868"},"modified":"2017-09-13T13:23:37","modified_gmt":"2017-09-13T12:23:37","slug":"o-spolecnosti-mackma","status":"publish","type":"page","link":"http:\/\/lk-machines.cz\/en\/mackma\/o-spolecnosti-mackma\/","title":{"rendered":"(\u010ce\u0161tina) O spole\u010dnosti MACKMA"},"content":{"rendered":"<p class=\"qtranxs-available-languages-message qtranxs-available-languages-message-en\">Sorry, this entry is only available in <a href=\"http:\/\/lk-machines.cz\/cs\/wp-json\/wp\/v2\/pages\/868\" class=\"qtranxs-available-language-link qtranxs-available-language-link-cs\" title=\"\u010ce\u0161tina\">Czech<\/a>.<\/p>","protected":false},"excerpt":{"rendered":"<p>Sorry, this entry is only available in Czech.<\/p>\n","protected":false},"author":2,"featured_media":1554,"parent":841,"menu_order":1,"comment_status":"open","ping_status":"open","template":"","meta":[],"_links":{"self":[{"href":"http:\/\/lk-machines.cz\/en\/wp-json\/wp\/v2\/pages\/868"}],"collection":[{"href":"http:\/\/lk-machines.cz\/en\/wp-json\/wp\/v2\/pages"}],"about":[{"href":"http:\/\/lk-machines.cz\/en\/wp-json\/wp\/v2\/types\/page"}],"author":[{"embeddable":true,"href":"http:\/\/lk-machines.cz\/en\/wp-json\/wp\/v2\/users\/2"}],"replies":[{"embeddable":true,"href":"http:\/\/lk-machines.cz\/en\/wp-json\/wp\/v2\/comments?post=868"}],"version-history":[{"count":2,"href":"http:\/\/lk-machines.cz\/en\/wp-json\/wp\/v2\/pages\/868\/revisions"}],"predecessor-version":[{"id":1684,"href":"http:\/\/lk-machines.cz\/en\/wp-json\/wp\/v2\/pages\/868\/revisions\/1684"}],"up":[{"embeddable":true,"href":"http:\/\/lk-machines.cz\/en\/wp-json\/wp\/v2\/pages\/841"}],"wp:featuredmedia":[{"embeddable":true,"href":"http:\/\/lk-machines.cz\/en\/wp-json\/wp\/v2\/media\/1554"}],"wp:attachment":[{"href":"http:\/\/lk-machines.cz\/en\/wp-json\/wp\/v2\/media?parent=868"}],"curies":[{"name":"wp","href":"https:\/\/api.w.org\/{rel}","templated":true}]}}