{"id":853,"date":"2017-08-14T16:40:02","date_gmt":"2017-08-14T15:40:02","guid":{"rendered":"http:\/\/lk-machines.cz\/?page_id=853"},"modified":"2017-08-29T08:57:17","modified_gmt":"2017-08-29T07:57:17","slug":"pracovni-stoly","status":"publish","type":"page","link":"http:\/\/lk-machines.cz\/en\/m-t-s\/pracovni-stoly\/","title":{"rendered":"(\u010ce\u0161tina) Pracovn\u00ed stoly"},"content":{"rendered":"<p class=\"qtranxs-available-languages-message qtranxs-available-languages-message-en\">Sorry, this entry is only available in <a href=\"http:\/\/lk-machines.cz\/cs\/wp-json\/wp\/v2\/pages\/853\" class=\"qtranxs-available-language-link qtranxs-available-language-link-cs\" title=\"\u010ce\u0161tina\">Czech<\/a>.<\/p>","protected":false},"excerpt":{"rendered":"<p>Sorry, this entry is only available in Czech.<\/p>\n","protected":false},"author":2,"featured_media":1235,"parent":845,"menu_order":1,"comment_status":"open","ping_status":"open","template":"","meta":[],"_links":{"self":[{"href":"http:\/\/lk-machines.cz\/en\/wp-json\/wp\/v2\/pages\/853"}],"collection":[{"href":"http:\/\/lk-machines.cz\/en\/wp-json\/wp\/v2\/pages"}],"about":[{"href":"http:\/\/lk-machines.cz\/en\/wp-json\/wp\/v2\/types\/page"}],"author":[{"embeddable":true,"href":"http:\/\/lk-machines.cz\/en\/wp-json\/wp\/v2\/users\/2"}],"replies":[{"embeddable":true,"href":"http:\/\/lk-machines.cz\/en\/wp-json\/wp\/v2\/comments?post=853"}],"version-history":[{"count":4,"href":"http:\/\/lk-machines.cz\/en\/wp-json\/wp\/v2\/pages\/853\/revisions"}],"predecessor-version":[{"id":1484,"href":"http:\/\/lk-machines.cz\/en\/wp-json\/wp\/v2\/pages\/853\/revisions\/1484"}],"up":[{"embeddable":true,"href":"http:\/\/lk-machines.cz\/en\/wp-json\/wp\/v2\/pages\/845"}],"wp:featuredmedia":[{"embeddable":true,"href":"http:\/\/lk-machines.cz\/en\/wp-json\/wp\/v2\/media\/1235"}],"wp:attachment":[{"href":"http:\/\/lk-machines.cz\/en\/wp-json\/wp\/v2\/media?parent=853"}],"curies":[{"name":"wp","href":"https:\/\/api.w.org\/{rel}","templated":true}]}}