{"id":848,"date":"2017-08-14T16:33:32","date_gmt":"2017-08-14T15:33:32","guid":{"rendered":"http:\/\/lk-machines.cz\/?page_id=848"},"modified":"2017-09-13T13:14:27","modified_gmt":"2017-09-13T12:14:27","slug":"o-spolecnosti","status":"publish","type":"page","link":"http:\/\/lk-machines.cz\/en\/m-t-s\/o-spolecnosti\/","title":{"rendered":"(\u010ce\u0161tina) O Spole\u010dnosti M.T.S."},"content":{"rendered":"<p>Stitched_002\" width=\"300\" height=\"143\" srcset=\"http:\/\/lk-machines.cz\/wp-content\/uploads\/2017\/09\/Stitched_002-300x143.jpg 300w, http:\/\/lk-machines.cz\/wp-content\/uploads\/2017\/09\/Stitched_002-177x84.jpg 177w, http:\/\/lk-machines.cz\/wp-content\/uploads\/2017\/09\/Stitched_002-1024x487.jpg 1024w, http:\/\/lk-machines.cz\/wp-content\/uploads\/2017\/09\/Stitched_002.jpg 1199w\" sizes=\"(max-width: 300px) 100vw, 300px\" \/><\/a><\/p>","protected":false},"excerpt":{"rendered":"<p>Stitched_002&#8243; width=&#8221;300&#8243; height=&#8221;143&#8243; srcset=&#8221;http:\/\/lk-machines.cz\/wp-content\/uploads\/2017\/09\/Stitched_002-300&#215;143.jpg 300w, http:\/\/lk-machines.cz\/wp-content\/uploads\/2017\/09\/Stitched_002-177&#215;84.jpg 177w, http:\/\/lk-machines.cz\/wp-content\/uploads\/2017\/09\/Stitched_002-1024&#215;487.jpg 1024w, http:\/\/lk-machines.cz\/wp-content\/uploads\/2017\/09\/Stitched_002.jpg 1199w&#8221; sizes=&#8221;(max-width: 300px) 100vw, 300px&#8221; \/><\/p>\n","protected":false},"author":2,"featured_media":1553,"parent":845,"menu_order":0,"comment_status":"open","ping_status":"open","template":"","meta":[],"_links":{"self":[{"href":"http:\/\/lk-machines.cz\/en\/wp-json\/wp\/v2\/pages\/848"}],"collection":[{"href":"http:\/\/lk-machines.cz\/en\/wp-json\/wp\/v2\/pages"}],"about":[{"href":"http:\/\/lk-machines.cz\/en\/wp-json\/wp\/v2\/types\/page"}],"author":[{"embeddable":true,"href":"http:\/\/lk-machines.cz\/en\/wp-json\/wp\/v2\/users\/2"}],"replies":[{"embeddable":true,"href":"http:\/\/lk-machines.cz\/en\/wp-json\/wp\/v2\/comments?post=848"}],"version-history":[{"count":4,"href":"http:\/\/lk-machines.cz\/en\/wp-json\/wp\/v2\/pages\/848\/revisions"}],"predecessor-version":[{"id":1680,"href":"http:\/\/lk-machines.cz\/en\/wp-json\/wp\/v2\/pages\/848\/revisions\/1680"}],"up":[{"embeddable":true,"href":"http:\/\/lk-machines.cz\/en\/wp-json\/wp\/v2\/pages\/845"}],"wp:featuredmedia":[{"embeddable":true,"href":"http:\/\/lk-machines.cz\/en\/wp-json\/wp\/v2\/media\/1553"}],"wp:attachment":[{"href":"http:\/\/lk-machines.cz\/en\/wp-json\/wp\/v2\/media?parent=848"}],"curies":[{"name":"wp","href":"https:\/\/api.w.org\/{rel}","templated":true}]}}