{"id":680,"date":"2015-11-05T08:25:31","date_gmt":"2015-11-05T07:25:31","guid":{"rendered":"http:\/\/lk-machines.cz\/?page_id=680"},"modified":"2017-09-08T12:04:38","modified_gmt":"2017-09-08T11:04:38","slug":"repase","status":"publish","type":"page","link":"http:\/\/lk-machines.cz\/en\/multipower\/repase\/","title":{"rendered":"(\u010ce\u0161tina) Repase"},"content":{"rendered":"<h2><strong>Servis a repase v\u00e1lc\u016f MULTIPOWER<\/strong><\/h2>\n<p>V r\u00e1mci komplexn\u00edho\u00a0prodejn\u00edho a poprodejn\u00edho servisu zaji\u0161\u0165ujeme n\u00e1sleduj\u00edc\u00ed slu\u017eby:<\/p>\n<ul>\n<li>Preventivn\u00ed prohl\u00eddky<\/li>\n<li>V\u00fdm\u011bny a dopln\u011bn\u00ed oleje<\/li>\n<li>P\u0159et\u011bsn\u011bn\u00ed v\u00e1lc\u016f<\/li>\n<li>Kompletn\u00ed repase v\u010detn\u011b z\u00e1ruky<\/li>\n<\/ul>\n<p><a href=\"http:\/\/lk-machines.cz\/wp-content\/uploads\/2015\/11\/Pln\u011bn\u00ed-oleje.png\"><img decoding=\"async\" loading=\"lazy\" class=\"alignnone  wp-image-675\" src=\"http:\/\/lk-machines.cz\/wp-content\/uploads\/2015\/11\/Pln\u011bn\u00ed-oleje-283x300.png\" alt=\"Pln\u011bn\u00ed oleje\" width=\"298\" height=\"316\" srcset=\"http:\/\/lk-machines.cz\/wp-content\/uploads\/2015\/11\/Pln\u011bn\u00ed-oleje-283x300.png 283w, http:\/\/lk-machines.cz\/wp-content\/uploads\/2015\/11\/Pln\u011bn\u00ed-oleje-167x177.png 167w, http:\/\/lk-machines.cz\/wp-content\/uploads\/2015\/11\/Pln\u011bn\u00ed-oleje-967x1024.png 967w, http:\/\/lk-machines.cz\/wp-content\/uploads\/2015\/11\/Pln\u011bn\u00ed-oleje.png 1920w\" sizes=\"(max-width: 298px) 100vw, 298px\" \/><\/a><a href=\"http:\/\/lk-machines.cz\/wp-content\/uploads\/2015\/11\/repase2.png\"><img decoding=\"async\" loading=\"lazy\" class=\"alignnone  wp-image-677\" src=\"http:\/\/lk-machines.cz\/wp-content\/uploads\/2015\/11\/repase2-274x300.png\" alt=\"repase2\" width=\"288\" height=\"315\" srcset=\"http:\/\/lk-machines.cz\/wp-content\/uploads\/2015\/11\/repase2-274x300.png 274w, http:\/\/lk-machines.cz\/wp-content\/uploads\/2015\/11\/repase2-162x177.png 162w, http:\/\/lk-machines.cz\/wp-content\/uploads\/2015\/11\/repase2-935x1024.png 935w, http:\/\/lk-machines.cz\/wp-content\/uploads\/2015\/11\/repase2.png 1077w\" sizes=\"(max-width: 288px) 100vw, 288px\" \/><\/a><a href=\"http:\/\/lk-machines.cz\/wp-content\/uploads\/2015\/11\/Repase3.png\"><img decoding=\"async\" loading=\"lazy\" class=\"alignnone  wp-image-678\" src=\"http:\/\/lk-machines.cz\/wp-content\/uploads\/2015\/11\/Repase3-300x233.png\" alt=\"Repase3\" width=\"294\" height=\"228\" srcset=\"http:\/\/lk-machines.cz\/wp-content\/uploads\/2015\/11\/Repase3-300x233.png 300w, http:\/\/lk-machines.cz\/wp-content\/uploads\/2015\/11\/Repase3-177x137.png 177w, http:\/\/lk-machines.cz\/wp-content\/uploads\/2015\/11\/Repase3.png 696w\" sizes=\"(max-width: 294px) 100vw, 294px\" \/><\/a><a href=\"http:\/\/lk-machines.cz\/wp-content\/uploads\/2015\/11\/Repase1.png\"><img decoding=\"async\" loading=\"lazy\" class=\"alignnone size-medium wp-image-676\" src=\"http:\/\/lk-machines.cz\/wp-content\/uploads\/2015\/11\/Repase1-300x225.png\" alt=\"Repase1\" width=\"300\" height=\"225\" srcset=\"http:\/\/lk-machines.cz\/wp-content\/uploads\/2015\/11\/Repase1-300x225.png 300w, http:\/\/lk-machines.cz\/wp-content\/uploads\/2015\/11\/Repase1-177x133.png 177w, http:\/\/lk-machines.cz\/wp-content\/uploads\/2015\/11\/Repase1-1024x768.png 1024w\" sizes=\"(max-width: 300px) 100vw, 300px\" \/><\/a><\/p>\n","protected":false},"excerpt":{"rendered":"<p>Servis a repase v\u00e1lc\u016f MULTIPOWER V r\u00e1mci komplexn\u00edho\u00a0prodejn\u00edho a poprodejn\u00edho servisu zaji\u0161\u0165ujeme n\u00e1sleduj\u00edc\u00ed slu\u017eby: Preventivn\u00ed prohl\u00eddky V\u00fdm\u011bny a dopln\u011bn\u00ed oleje P\u0159et\u011bsn\u011bn\u00ed v\u00e1lc\u016f Kompletn\u00ed repase v\u010detn\u011b z\u00e1ruky<\/p>\n","protected":false},"author":2,"featured_media":1551,"parent":582,"menu_order":60,"comment_status":"open","ping_status":"open","template":"","meta":[],"_links":{"self":[{"href":"http:\/\/lk-machines.cz\/en\/wp-json\/wp\/v2\/pages\/680"}],"collection":[{"href":"http:\/\/lk-machines.cz\/en\/wp-json\/wp\/v2\/pages"}],"about":[{"href":"http:\/\/lk-machines.cz\/en\/wp-json\/wp\/v2\/types\/page"}],"author":[{"embeddable":true,"href":"http:\/\/lk-machines.cz\/en\/wp-json\/wp\/v2\/users\/2"}],"replies":[{"embeddable":true,"href":"http:\/\/lk-machines.cz\/en\/wp-json\/wp\/v2\/comments?post=680"}],"version-history":[{"count":4,"href":"http:\/\/lk-machines.cz\/en\/wp-json\/wp\/v2\/pages\/680\/revisions"}],"predecessor-version":[{"id":835,"href":"http:\/\/lk-machines.cz\/en\/wp-json\/wp\/v2\/pages\/680\/revisions\/835"}],"up":[{"embeddable":true,"href":"http:\/\/lk-machines.cz\/en\/wp-json\/wp\/v2\/pages\/582"}],"wp:featuredmedia":[{"embeddable":true,"href":"http:\/\/lk-machines.cz\/en\/wp-json\/wp\/v2\/media\/1551"}],"wp:attachment":[{"href":"http:\/\/lk-machines.cz\/en\/wp-json\/wp\/v2\/media?parent=680"}],"curies":[{"name":"wp","href":"https:\/\/api.w.org\/{rel}","templated":true}]}}