{"id":670,"date":"2015-11-05T08:25:15","date_gmt":"2015-11-05T07:25:15","guid":{"rendered":"http:\/\/lk-machines.cz\/?page_id=670"},"modified":"2017-09-13T14:28:54","modified_gmt":"2017-09-13T13:28:54","slug":"prislusenstvi","status":"publish","type":"page","link":"http:\/\/lk-machines.cz\/en\/multipower\/prislusenstvi\/","title":{"rendered":"(\u010ce\u0161tina) P\u0159\u00edslu\u0161enstv\u00ed"},"content":{"rendered":"<p><strong>Mo\u017enosti vybaven\u00ed v\u00e1lc\u016f MULTIPOWER:<\/strong><\/p>\n<ul>\n<li>Dr\u017e\u00e1k n\u00e1stroje typ W a dr\u017e\u00e1k beranov\u00e9 desky KF<\/li>\n<li>Zaji\u0161t\u011bn\u00ed proti rotaci n\u00e1stroje WV<\/li>\n<li>Kontrola hladiny oleje elektrick\u00fdm, pneumatick\u00fdm nebo akustick\u00fdm sign\u00e1lem<\/li>\n<li>Elektronick\u00fd sp\u00edna\u010d tlaku 0-400 bar s\u00a0displejem a roz\u0161\u00ed\u0159en\u00edm pro dal\u0161\u00ed kontrolu<\/li>\n<li>Senzor tlaku oleje s\u00a0analogov\u00fdm v\u00fdstupem 0-10 V\u00a0pro m\u011b\u0159en\u00ed s\u00edly<\/li>\n<li>Extern\u00ed odm\u011b\u0159ov\u00e1n\u00ed dr\u00e1hy dostupn\u00e9 pro v\u0161echny v\u00e1lce<\/li>\n<li>Intern\u00ed odm\u011b\u0159ov\u00e1n\u00ed dr\u00e1hy pro v\u00e1lce typu U, E a Z<\/li>\n<li>Kontrola pozice pracovn\u00edho p\u00edstu<\/li>\n<\/ul>\n<p><strong>Kontrola kvality:<\/strong><\/p>\n<ul>\n<li>Kontroln\u00ed jednotky jsou dostupn\u00e9 v\u010detn\u011b grafick\u00e9ho displeje s\u00a0monitoringem silov\u00e9ho zdvihu<\/li>\n<li>Jednotky jsou programov\u00e1ny pro pou\u017eit\u00e9 senzory a implementov\u00e1ny do stroje<\/li>\n<li>Kontrola pracovn\u00edho p\u00edstu senzorem polohy<\/li>\n<li>Extern\u00ed m\u011b\u0159en\u00ed s\u00edly pomoc\u00ed silov\u00e9ho senzoru.<\/li>\n<\/ul>\n","protected":false},"excerpt":{"rendered":"<p>Mo\u017enosti vybaven\u00ed v\u00e1lc\u016f MULTIPOWER: Dr\u017e\u00e1k n\u00e1stroje typ W a dr\u017e\u00e1k beranov\u00e9 desky KF Zaji\u0161t\u011bn\u00ed proti rotaci n\u00e1stroje WV Kontrola hladiny oleje elektrick\u00fdm, pneumatick\u00fdm nebo akustick\u00fdm sign\u00e1lem Elektronick\u00fd sp\u00edna\u010d tlaku 0-400 bar s\u00a0displejem a roz\u0161\u00ed\u0159en\u00edm pro dal\u0161\u00ed kontrolu Senzor tlaku oleje &hellip; <a href=\"http:\/\/lk-machines.cz\/en\/multipower\/prislusenstvi\/\">Continue reading <span class=\"meta-nav\">&rarr;<\/span><\/a><\/p>\n","protected":false},"author":2,"featured_media":1551,"parent":582,"menu_order":40,"comment_status":"open","ping_status":"open","template":"","meta":[],"_links":{"self":[{"href":"http:\/\/lk-machines.cz\/en\/wp-json\/wp\/v2\/pages\/670"}],"collection":[{"href":"http:\/\/lk-machines.cz\/en\/wp-json\/wp\/v2\/pages"}],"about":[{"href":"http:\/\/lk-machines.cz\/en\/wp-json\/wp\/v2\/types\/page"}],"author":[{"embeddable":true,"href":"http:\/\/lk-machines.cz\/en\/wp-json\/wp\/v2\/users\/2"}],"replies":[{"embeddable":true,"href":"http:\/\/lk-machines.cz\/en\/wp-json\/wp\/v2\/comments?post=670"}],"version-history":[{"count":3,"href":"http:\/\/lk-machines.cz\/en\/wp-json\/wp\/v2\/pages\/670\/revisions"}],"predecessor-version":[{"id":834,"href":"http:\/\/lk-machines.cz\/en\/wp-json\/wp\/v2\/pages\/670\/revisions\/834"}],"up":[{"embeddable":true,"href":"http:\/\/lk-machines.cz\/en\/wp-json\/wp\/v2\/pages\/582"}],"wp:featuredmedia":[{"embeddable":true,"href":"http:\/\/lk-machines.cz\/en\/wp-json\/wp\/v2\/media\/1551"}],"wp:attachment":[{"href":"http:\/\/lk-machines.cz\/en\/wp-json\/wp\/v2\/media?parent=670"}],"curies":[{"name":"wp","href":"https:\/\/api.w.org\/{rel}","templated":true}]}}