{"id":666,"date":"2015-11-05T08:25:00","date_gmt":"2015-11-05T07:25:00","guid":{"rendered":"http:\/\/lk-machines.cz\/?page_id=666"},"modified":"2017-09-08T12:04:26","modified_gmt":"2017-09-08T11:04:26","slug":"rizeni","status":"publish","type":"page","link":"http:\/\/lk-machines.cz\/en\/multipower\/rizeni\/","title":{"rendered":"(\u010ce\u0161tina) \u0158\u00edzen\u00ed"},"content":{"rendered":"<h2><strong>\u0158\u00edzen\u00ed procesu (mo\u017en\u00e9 zapojen\u00ed):<\/strong><\/h2>\n<p>Legenda:<\/p>\n<p>D1 \u2013 ventil\u00a0\u00a0\u00a0\u00a0\u00a0\u00a0\u00a0\u00a0\u00a0 nastaven\u00ed p\u0159ibli\u017eovac\u00edho zdvihu<\/p>\n<p>D2 \u2013 ventil\u00a0\u00a0\u00a0\u00a0\u00a0\u00a0\u00a0\u00a0\u00a0 za\u010d\u00e1tek silov\u00e9ho zdvihu<\/p>\n<p>V1 \u2013 5\/2 ventil (nen\u00ed sou\u010d\u00e1st\u00ed dod\u00e1vky)<\/p>\n<p>V2 \u2013 5\/2 ventil namontovan\u00fd na v\u00e1lci a kompletn\u011b p\u0159ipojen<\/p>\n<p><img decoding=\"async\" loading=\"lazy\" class=\"alignnone  wp-image-608\" src=\"http:\/\/lk-machines.cz\/wp-content\/uploads\/2015\/10\/Sch\u00e9ma-\u0159\u00edzen\u00ed-239x300.png\" alt=\"Sch\u00e9ma \u0159\u00edzen\u00ed\" width=\"260\" height=\"326\" srcset=\"http:\/\/lk-machines.cz\/wp-content\/uploads\/2015\/10\/Sch\u00e9ma-\u0159\u00edzen\u00ed-239x300.png 239w, http:\/\/lk-machines.cz\/wp-content\/uploads\/2015\/10\/Sch\u00e9ma-\u0159\u00edzen\u00ed-141x177.png 141w, http:\/\/lk-machines.cz\/wp-content\/uploads\/2015\/10\/Sch\u00e9ma-\u0159\u00edzen\u00ed.png 497w\" sizes=\"(max-width: 260px) 100vw, 260px\" \/><\/p>\n<p><strong>V\u00fdhody:<\/strong><\/p>\n<ul>\n<li>S\u00edla p\u0159ibli\u017eovac\u00edho zdvihu, silov\u00e9ho zdvihu a zp\u011btn\u00e9ho zdvihu je nastaviteln\u00e1 regul\u00e1torem tlaku<\/li>\n<li>\u0158\u00edzen\u00ed s\u00edly silov\u00e9ho zdvihu je nez\u00e1visl\u00e9 na s\u00edle p\u0159ibli\u017eovac\u00edho a zp\u011btn\u00e9ho zdvihu<\/li>\n<li>Rychlost p\u0159ibli\u017eovac\u00edho a zp\u011btn\u00e9ho zdvihu je regulovateln\u00e1 ventily<\/li>\n<li>S\u00edla silov\u00e9ho zdvihu je line\u00e1rn\u00ed ve vztahu ke vstupn\u00edmu tlaku<\/li>\n<\/ul>\n<p><strong>Dal\u0161\u00ed mo\u017enosti:<\/strong><\/p>\n<ul>\n<li>Iniciace silov\u00e9ho zdvihu dosa\u017een\u00edm d\u00e9lky zdvihu<\/li>\n<li>Iniciace silov\u00e9ho zdvihu nebo zp\u011btn\u00e9ho zdvihu po dosa\u017een\u00ed \u010dasu<\/li>\n<li>Kontrola magnetick\u00fdmi ventily pro vysokou frekvenci zdvih\u016f<\/li>\n<\/ul>\n","protected":false},"excerpt":{"rendered":"<p>\u0158\u00edzen\u00ed procesu (mo\u017en\u00e9 zapojen\u00ed): Legenda: D1 \u2013 ventil\u00a0\u00a0\u00a0\u00a0\u00a0\u00a0\u00a0\u00a0\u00a0 nastaven\u00ed p\u0159ibli\u017eovac\u00edho zdvihu D2 \u2013 ventil\u00a0\u00a0\u00a0\u00a0\u00a0\u00a0\u00a0\u00a0\u00a0 za\u010d\u00e1tek silov\u00e9ho zdvihu V1 \u2013 5\/2 ventil (nen\u00ed sou\u010d\u00e1st\u00ed dod\u00e1vky) V2 \u2013 5\/2 ventil namontovan\u00fd na v\u00e1lci a kompletn\u011b p\u0159ipojen V\u00fdhody: S\u00edla p\u0159ibli\u017eovac\u00edho zdvihu, silov\u00e9ho zdvihu &hellip; <a href=\"http:\/\/lk-machines.cz\/en\/multipower\/rizeni\/\">Continue reading <span class=\"meta-nav\">&rarr;<\/span><\/a><\/p>\n","protected":false},"author":2,"featured_media":1551,"parent":582,"menu_order":30,"comment_status":"open","ping_status":"open","template":"","meta":[],"_links":{"self":[{"href":"http:\/\/lk-machines.cz\/en\/wp-json\/wp\/v2\/pages\/666"}],"collection":[{"href":"http:\/\/lk-machines.cz\/en\/wp-json\/wp\/v2\/pages"}],"about":[{"href":"http:\/\/lk-machines.cz\/en\/wp-json\/wp\/v2\/types\/page"}],"author":[{"embeddable":true,"href":"http:\/\/lk-machines.cz\/en\/wp-json\/wp\/v2\/users\/2"}],"replies":[{"embeddable":true,"href":"http:\/\/lk-machines.cz\/en\/wp-json\/wp\/v2\/comments?post=666"}],"version-history":[{"count":4,"href":"http:\/\/lk-machines.cz\/en\/wp-json\/wp\/v2\/pages\/666\/revisions"}],"predecessor-version":[{"id":833,"href":"http:\/\/lk-machines.cz\/en\/wp-json\/wp\/v2\/pages\/666\/revisions\/833"}],"up":[{"embeddable":true,"href":"http:\/\/lk-machines.cz\/en\/wp-json\/wp\/v2\/pages\/582"}],"wp:featuredmedia":[{"embeddable":true,"href":"http:\/\/lk-machines.cz\/en\/wp-json\/wp\/v2\/media\/1551"}],"wp:attachment":[{"href":"http:\/\/lk-machines.cz\/en\/wp-json\/wp\/v2\/media?parent=666"}],"curies":[{"name":"wp","href":"https:\/\/api.w.org\/{rel}","templated":true}]}}