{"id":648,"date":"2015-11-05T08:22:46","date_gmt":"2015-11-05T07:22:46","guid":{"rendered":"http:\/\/lk-machines.cz\/?page_id=648"},"modified":"2017-09-21T13:20:51","modified_gmt":"2017-09-21T12:20:51","slug":"ramy-lisu","status":"publish","type":"page","link":"http:\/\/lk-machines.cz\/en\/multipower\/ramy-lisu\/","title":{"rendered":"(\u010ce\u0161tina) R\u00e1my lis\u016f"},"content":{"rendered":"<h2><strong>R\u00e1my lis\u016f, r\u00e1my stroj\u016f<\/strong><\/h2>\n<p>Kompletn\u00ed konstrukce a v\u00fdroba r\u00e1m\u016f lis\u016f v\u010detn\u011b fin\u00e1ln\u00edch komponent\u016f prob\u00edh\u00e1 dle po\u017eadavk\u016f z\u00e1kazn\u00edk\u016f. Zejm\u00e9na je kladen d\u016fraz na maxim\u00e1ln\u00ed povolen\u00e9 proh\u00fdb\u00e1n\u00ed r\u00e1m\u016f. V\u00fdroba prob\u00edh\u00e1 p\u0159\u00edmo ve v\u00fdrobn\u00edm z\u00e1vod\u011b s\u00a0ohledem na individu\u00e1ln\u00ed po\u017eadavky z\u00e1kazn\u00edk\u016f.<\/p>\n<h3><strong><a href=\"http:\/\/lk-machines.cz\/multipower\/ramy-lisu\/c-ramy\/\">C r\u00e1my sva\u0159ovan\u00e9 nebo fr\u00e9zovan\u00e9<\/a><\/strong><\/h3>\n<ul>\n<li>v\u010detn\u011b sloupov\u00e9ho veden\u00ed beranov\u00e9 desky nebo bez<\/li>\n<\/ul>\n<p><a href=\"http:\/\/lk-machines.cz\/wp-content\/uploads\/2015\/10\/Frame-C0.png\"><img decoding=\"async\" loading=\"lazy\" class=\"alignnone size-medium wp-image-604\" src=\"http:\/\/lk-machines.cz\/wp-content\/uploads\/2015\/10\/Frame-C0-206x300.png\" alt=\"Frame C0\" width=\"206\" height=\"300\" srcset=\"http:\/\/lk-machines.cz\/wp-content\/uploads\/2015\/10\/Frame-C0-206x300.png 206w, http:\/\/lk-machines.cz\/wp-content\/uploads\/2015\/10\/Frame-C0-122x177.png 122w, http:\/\/lk-machines.cz\/wp-content\/uploads\/2015\/10\/Frame-C0.png 554w\" sizes=\"(max-width: 206px) 100vw, 206px\" \/><\/a><a href=\"http:\/\/lk-machines.cz\/wp-content\/uploads\/2015\/10\/Frame-C.png\"><img decoding=\"async\" loading=\"lazy\" class=\"alignnone size-medium wp-image-603\" src=\"http:\/\/lk-machines.cz\/wp-content\/uploads\/2015\/10\/Frame-C-181x300.png\" alt=\"Frame C\" width=\"181\" height=\"300\" srcset=\"http:\/\/lk-machines.cz\/wp-content\/uploads\/2015\/10\/Frame-C-181x300.png 181w, http:\/\/lk-machines.cz\/wp-content\/uploads\/2015\/10\/Frame-C-107x177.png 107w, http:\/\/lk-machines.cz\/wp-content\/uploads\/2015\/10\/Frame-C.png 466w\" sizes=\"(max-width: 181px) 100vw, 181px\" \/><\/a><\/p>\n<h3><strong><a href=\"http:\/\/lk-machines.cz\/multipower\/ramy-lisu\/sloupove-ramy\/\">2 sloupov\u00e9 a 4 sloupov\u00e9 r\u00e1my<\/a><\/strong><\/h3>\n<ul>\n<li>v\u010detn\u011b sloupov\u00e9ho veden\u00ed beranov\u00e9 desky nebo bez<\/li>\n<\/ul>\n<p><a href=\"http:\/\/lk-machines.cz\/wp-content\/uploads\/2015\/10\/frame-4S4.png\"><img decoding=\"async\" loading=\"lazy\" class=\"alignnone size-medium wp-image-602\" src=\"http:\/\/lk-machines.cz\/wp-content\/uploads\/2015\/10\/frame-4S4-206x300.png\" alt=\"frame 4S4\" width=\"206\" height=\"300\" srcset=\"http:\/\/lk-machines.cz\/wp-content\/uploads\/2015\/10\/frame-4S4-206x300.png 206w, http:\/\/lk-machines.cz\/wp-content\/uploads\/2015\/10\/frame-4S4-121x177.png 121w, http:\/\/lk-machines.cz\/wp-content\/uploads\/2015\/10\/frame-4S4.png 525w\" sizes=\"(max-width: 206px) 100vw, 206px\" \/><\/a><a href=\"http:\/\/lk-machines.cz\/wp-content\/uploads\/2015\/10\/Frame-2S2.png\"><img decoding=\"async\" loading=\"lazy\" class=\"alignnone size-medium wp-image-601\" src=\"http:\/\/lk-machines.cz\/wp-content\/uploads\/2015\/10\/Frame-2S2-186x300.png\" alt=\"Frame 2S2\" width=\"186\" height=\"300\" srcset=\"http:\/\/lk-machines.cz\/wp-content\/uploads\/2015\/10\/Frame-2S2-186x300.png 186w, http:\/\/lk-machines.cz\/wp-content\/uploads\/2015\/10\/Frame-2S2-110x177.png 110w, http:\/\/lk-machines.cz\/wp-content\/uploads\/2015\/10\/Frame-2S2.png 491w\" sizes=\"(max-width: 186px) 100vw, 186px\" \/><\/a><\/p>\n<p>&#8211;<\/p>\n<p><strong>Bezpe\u010dn\u00e9 ovl\u00e1d\u00e1n\u00ed lis\u016f<\/strong><\/p>\n<p>Pro v\u0161echny na\u0161e lisy nab\u00edz\u00edme dvouru\u010dn\u00ed spou\u0161t\u011bn\u00ed dle certifikace CE.<\/p>\n<p>Tato elektrick\u00e1 a pneumatick\u00e1 dvouru\u010dn\u00ed spou\u0161t\u011bn\u00ed jsou dostupn\u00e1 pro v\u0161echny na\u0161e lisy.<\/p>\n","protected":false},"excerpt":{"rendered":"<p>R\u00e1my lis\u016f, r\u00e1my stroj\u016f Kompletn\u00ed konstrukce a v\u00fdroba r\u00e1m\u016f lis\u016f v\u010detn\u011b fin\u00e1ln\u00edch komponent\u016f prob\u00edh\u00e1 dle po\u017eadavk\u016f z\u00e1kazn\u00edk\u016f. Zejm\u00e9na je kladen d\u016fraz na maxim\u00e1ln\u00ed povolen\u00e9 proh\u00fdb\u00e1n\u00ed r\u00e1m\u016f. V\u00fdroba prob\u00edh\u00e1 p\u0159\u00edmo ve v\u00fdrobn\u00edm z\u00e1vod\u011b s\u00a0ohledem na individu\u00e1ln\u00ed po\u017eadavky z\u00e1kazn\u00edk\u016f. C r\u00e1my sva\u0159ovan\u00e9 &hellip; <a href=\"http:\/\/lk-machines.cz\/en\/multipower\/ramy-lisu\/\">Continue reading <span class=\"meta-nav\">&rarr;<\/span><\/a><\/p>\n","protected":false},"author":2,"featured_media":1551,"parent":582,"menu_order":20,"comment_status":"open","ping_status":"open","template":"","meta":[],"_links":{"self":[{"href":"http:\/\/lk-machines.cz\/en\/wp-json\/wp\/v2\/pages\/648"}],"collection":[{"href":"http:\/\/lk-machines.cz\/en\/wp-json\/wp\/v2\/pages"}],"about":[{"href":"http:\/\/lk-machines.cz\/en\/wp-json\/wp\/v2\/types\/page"}],"author":[{"embeddable":true,"href":"http:\/\/lk-machines.cz\/en\/wp-json\/wp\/v2\/users\/2"}],"replies":[{"embeddable":true,"href":"http:\/\/lk-machines.cz\/en\/wp-json\/wp\/v2\/comments?post=648"}],"version-history":[{"count":8,"href":"http:\/\/lk-machines.cz\/en\/wp-json\/wp\/v2\/pages\/648\/revisions"}],"predecessor-version":[{"id":1773,"href":"http:\/\/lk-machines.cz\/en\/wp-json\/wp\/v2\/pages\/648\/revisions\/1773"}],"up":[{"embeddable":true,"href":"http:\/\/lk-machines.cz\/en\/wp-json\/wp\/v2\/pages\/582"}],"wp:featuredmedia":[{"embeddable":true,"href":"http:\/\/lk-machines.cz\/en\/wp-json\/wp\/v2\/media\/1551"}],"wp:attachment":[{"href":"http:\/\/lk-machines.cz\/en\/wp-json\/wp\/v2\/media?parent=648"}],"curies":[{"name":"wp","href":"https:\/\/api.w.org\/{rel}","templated":true}]}}