{"id":626,"date":"2015-11-05T08:26:25","date_gmt":"2015-11-05T07:26:25","guid":{"rendered":"http:\/\/lk-machines.cz\/?page_id=626"},"modified":"2017-09-08T12:03:22","modified_gmt":"2017-09-08T11:03:22","slug":"popis-funkce-valce","status":"publish","type":"page","link":"http:\/\/lk-machines.cz\/en\/multipower\/pneumo-hydraulicke-valce\/popis-funkce-valce\/","title":{"rendered":"(\u010ce\u0161tina) Popis funkce v\u00e1lce"},"content":{"rendered":"<p class=\"qtranxs-available-languages-message qtranxs-available-languages-message-en\">Sorry, this entry is only available in <a href=\"http:\/\/lk-machines.cz\/cs\/wp-json\/wp\/v2\/pages\/626\" class=\"qtranxs-available-language-link qtranxs-available-language-link-cs\" title=\"\u010ce\u0161tina\">Czech<\/a>.<\/p>","protected":false},"excerpt":{"rendered":"<p>Sorry, this entry is only available in Czech.<\/p>\n","protected":false},"author":2,"featured_media":1551,"parent":616,"menu_order":20,"comment_status":"open","ping_status":"open","template":"","meta":[],"_links":{"self":[{"href":"http:\/\/lk-machines.cz\/en\/wp-json\/wp\/v2\/pages\/626"}],"collection":[{"href":"http:\/\/lk-machines.cz\/en\/wp-json\/wp\/v2\/pages"}],"about":[{"href":"http:\/\/lk-machines.cz\/en\/wp-json\/wp\/v2\/types\/page"}],"author":[{"embeddable":true,"href":"http:\/\/lk-machines.cz\/en\/wp-json\/wp\/v2\/users\/2"}],"replies":[{"embeddable":true,"href":"http:\/\/lk-machines.cz\/en\/wp-json\/wp\/v2\/comments?post=626"}],"version-history":[{"count":4,"href":"http:\/\/lk-machines.cz\/en\/wp-json\/wp\/v2\/pages\/626\/revisions"}],"predecessor-version":[{"id":719,"href":"http:\/\/lk-machines.cz\/en\/wp-json\/wp\/v2\/pages\/626\/revisions\/719"}],"up":[{"embeddable":true,"href":"http:\/\/lk-machines.cz\/en\/wp-json\/wp\/v2\/pages\/616"}],"wp:featuredmedia":[{"embeddable":true,"href":"http:\/\/lk-machines.cz\/en\/wp-json\/wp\/v2\/media\/1551"}],"wp:attachment":[{"href":"http:\/\/lk-machines.cz\/en\/wp-json\/wp\/v2\/media?parent=626"}],"curies":[{"name":"wp","href":"https:\/\/api.w.org\/{rel}","templated":true}]}}