{"id":616,"date":"2015-11-05T08:21:41","date_gmt":"2015-11-05T07:21:41","guid":{"rendered":"http:\/\/lk-machines.cz\/?page_id=616"},"modified":"2017-09-21T13:20:31","modified_gmt":"2017-09-21T12:20:31","slug":"pneumo-hydraulicke-valce","status":"publish","type":"page","link":"http:\/\/lk-machines.cz\/en\/multipower\/pneumo-hydraulicke-valce\/","title":{"rendered":"(\u010ce\u0161tina) Pneumo-hydraulick\u00e9 v\u00e1lce"},"content":{"rendered":"<p><strong>MULTIPOWER od spole\u010dnosti Farger &#038; Joosten Maschinenbau GmbH<\/strong><\/p>\n<p>je modern\u00ed silov\u00fd p\u0159evodn\u00edk s\u00a0pneumatick\u00fdm p\u0159ibli\u017eovac\u00edm zdvihem a automaticky aktivovan\u00fdm pneumo-hydraulick\u00fdm silov\u00fdm zdvihem.<\/p>\n<p>Pracovn\u00ed v\u00fdkon v\u00a0rozp\u011bt\u00ed 3-1000kN (0,3-100T)<\/p>\n<p><strong>Hlavn\u00ed v\u00fdhody:<\/strong><\/p>\n<ul>\n<li>Rychlost a s\u00edla<\/li>\n<li>Libovoln\u00e1 pracovn\u00ed pozice<\/li>\n<li>Minim\u00e1ln\u00ed po\u017eadavky na \u00fadr\u017ebu<\/li>\n<li>N\u00edzk\u00e1 energetick\u00e1 n\u00e1ro\u010dnost<\/li>\n<\/ul>\n<p>Dostupn\u00fd ve verz\u00edch 6, 8 a 10 bar\u016f<\/p>\n<p>100% s\u00edly tedy dosahuje dle verze p\u0159i vstupn\u00edm tlaku 6, 8 nebo 10 bar\u016f<\/p>\n<p><a href=\"http:\/\/lk-machines.cz\/wp-content\/uploads\/2015\/10\/V\u00e1lec-G1.jpg\"><img decoding=\"async\" loading=\"lazy\" class=\"alignnone  wp-image-610\" src=\"http:\/\/lk-machines.cz\/wp-content\/uploads\/2015\/10\/V\u00e1lec-G1-300x207.jpg\" alt=\"V\u00e1lec G1\" width=\"433\" height=\"299\" srcset=\"http:\/\/lk-machines.cz\/wp-content\/uploads\/2015\/10\/V\u00e1lec-G1-300x207.jpg 300w, http:\/\/lk-machines.cz\/wp-content\/uploads\/2015\/10\/V\u00e1lec-G1-177x122.jpg 177w, http:\/\/lk-machines.cz\/wp-content\/uploads\/2015\/10\/V\u00e1lec-G1.jpg 918w\" sizes=\"(max-width: 433px) 100vw, 433px\" \/><\/a><\/p>\n<p><strong>V\u00fdhody v\u00e1lce multipower:<\/strong><\/p>\n<ul>\n<li>\u0158\u00edzen pouze vzduchem, bez hydraulick\u00e9 pohonn\u00e9 jednotky<\/li>\n<li>Rychlost d\u00edky pneumatick\u00e9mu p\u0159ibli\u017eovac\u00edmu a zp\u011btn\u00e9mu zdvihu<\/li>\n<li>Automatick\u00e9 p\u0159epnut\u00ed z\u00a0p\u0159ibli\u017eovac\u00edho do silov\u00e9ho zdvihu<\/li>\n<li>Vysok\u00e1 frekvence zdvih\u016f v\u00a0z\u00e1vislosti na d\u00e9lce zdvihu<\/li>\n<li>Libovoln\u00e1 pracovn\u00ed pozice<\/li>\n<li>Standardn\u00ed p\u0159ipojen\u00ed pro vysokotlak\u00e9 m\u011b\u0159en\u00ed a kontrolu<\/li>\n<li>\u017d\u00e1dn\u00fd olej v\u00a0pracovn\u00edm prostoru<\/li>\n<li>Minim\u00e1ln\u00ed po\u017eadavky na \u00fadr\u017ebu<\/li>\n<li>Sn\u00ed\u017een\u00e1 hladina hluku<\/li>\n<li>N\u00edzk\u00e1 energetick\u00e1 n\u00e1ro\u010dnost, minim\u00e1ln\u00ed spot\u0159eba vzduchu (v porovn\u00e1n\u00ed s\u00a0pneumatick\u00fdmi v\u00e1lci a\u017e 80%)<\/li>\n<li>\u017d\u00e1dn\u00e1 pru\u017eina uvnit\u0159 v\u00e1lce, kter\u00e1 by byla stl\u00e1\u010dena a uvol\u0148ov\u00e1na v\u00a0pr\u016fb\u011bhu pracovn\u00edho cyklu.<\/li>\n<li>Pln\u011b funk\u010dn\u00ed ji\u017e p\u0159i vstupn\u00edm tlaku vzduchu 2 bary<\/li>\n<li>Kontinu\u00e1ln\u00ed tlak na p\u00edst zesilova\u010de p\u0159i n\u00e1vratov\u00e9 f\u00e1zi, s\u00edla a rychlost je nastaviteln\u00e1<\/li>\n<li>Zp\u011btn\u00fd zdvih vyu\u017e\u00edv\u00e1 pouze 2 bary tlaku vzduchu<\/li>\n<\/ul>\n<p>Dostupn\u00fd ve verz\u00edch 6, 8 a 10 bar\u016f<\/p>\n<p>100% s\u00edly dosahuje dle verze p\u0159i vstupn\u00edm tlaku 6, 8 nebo 10 bar\u016f<\/p>\n<p><strong>Dal\u0161\u00ed mo\u017enosti:<\/strong><\/p>\n<ul>\n<li>Iniciace silov\u00e9ho zdvihu dosa\u017een\u00edm d\u00e9lky zdvihu<\/li>\n<li>Iniciace silov\u00e9ho zdvihu nebo zp\u011btn\u00e9ho zdvihu po dosa\u017een\u00ed \u010dasu<\/li>\n<li>Kontrola magnetick\u00fdmi ventily pro vysokou frekvenci zdvih\u016f<\/li>\n<\/ul>\n<p><\/p>","protected":false},"excerpt":{"rendered":"<p>MULTIPOWER od spole\u010dnosti Farger &#038; Joosten Maschinenbau GmbH je modern\u00ed silov\u00fd p\u0159evodn\u00edk s\u00a0pneumatick\u00fdm p\u0159ibli\u017eovac\u00edm zdvihem a automaticky aktivovan\u00fdm pneumo-hydraulick\u00fdm silov\u00fdm zdvihem. Pracovn\u00ed v\u00fdkon v\u00a0rozp\u011bt\u00ed 3-1000kN (0,3-100T) Hlavn\u00ed v\u00fdhody: Rychlost a s\u00edla Libovoln\u00e1 pracovn\u00ed pozice Minim\u00e1ln\u00ed po\u017eadavky na \u00fadr\u017ebu N\u00edzk\u00e1 energetick\u00e1 &hellip; <a href=\"http:\/\/lk-machines.cz\/en\/multipower\/pneumo-hydraulicke-valce\/\">Continue reading <span class=\"meta-nav\">&rarr;<\/span><\/a><\/p>\n","protected":false},"author":2,"featured_media":1551,"parent":582,"menu_order":10,"comment_status":"open","ping_status":"open","template":"","meta":[],"_links":{"self":[{"href":"http:\/\/lk-machines.cz\/en\/wp-json\/wp\/v2\/pages\/616"}],"collection":[{"href":"http:\/\/lk-machines.cz\/en\/wp-json\/wp\/v2\/pages"}],"about":[{"href":"http:\/\/lk-machines.cz\/en\/wp-json\/wp\/v2\/types\/page"}],"author":[{"embeddable":true,"href":"http:\/\/lk-machines.cz\/en\/wp-json\/wp\/v2\/users\/2"}],"replies":[{"embeddable":true,"href":"http:\/\/lk-machines.cz\/en\/wp-json\/wp\/v2\/comments?post=616"}],"version-history":[{"count":9,"href":"http:\/\/lk-machines.cz\/en\/wp-json\/wp\/v2\/pages\/616\/revisions"}],"predecessor-version":[{"id":1772,"href":"http:\/\/lk-machines.cz\/en\/wp-json\/wp\/v2\/pages\/616\/revisions\/1772"}],"up":[{"embeddable":true,"href":"http:\/\/lk-machines.cz\/en\/wp-json\/wp\/v2\/pages\/582"}],"wp:featuredmedia":[{"embeddable":true,"href":"http:\/\/lk-machines.cz\/en\/wp-json\/wp\/v2\/media\/1551"}],"wp:attachment":[{"href":"http:\/\/lk-machines.cz\/en\/wp-json\/wp\/v2\/media?parent=616"}],"curies":[{"name":"wp","href":"https:\/\/api.w.org\/{rel}","templated":true}]}}