{"id":576,"date":"2015-09-11T10:20:53","date_gmt":"2015-09-11T09:20:53","guid":{"rendered":"http:\/\/lk-machines.cz\/?page_id=576"},"modified":"2015-09-11T10:28:47","modified_gmt":"2015-09-11T09:28:47","slug":"poptavka","status":"publish","type":"page","link":"http:\/\/lk-machines.cz\/en\/poptavka\/","title":{"rendered":"(\u010ce\u0161tina) Popt\u00e1vka"},"content":{"rendered":"<p class=\"qtranxs-available-languages-message qtranxs-available-languages-message-en\">Sorry, this entry is only available in <a href=\"http:\/\/lk-machines.cz\/cs\/wp-json\/wp\/v2\/pages\/576\" class=\"qtranxs-available-language-link qtranxs-available-language-link-cs\" title=\"\u010ce\u0161tina\">Czech<\/a>.<\/p>","protected":false},"excerpt":{"rendered":"","protected":false},"author":1,"featured_media":0,"parent":0,"menu_order":0,"comment_status":"open","ping_status":"open","template":"","meta":[],"_links":{"self":[{"href":"http:\/\/lk-machines.cz\/en\/wp-json\/wp\/v2\/pages\/576"}],"collection":[{"href":"http:\/\/lk-machines.cz\/en\/wp-json\/wp\/v2\/pages"}],"about":[{"href":"http:\/\/lk-machines.cz\/en\/wp-json\/wp\/v2\/types\/page"}],"author":[{"embeddable":true,"href":"http:\/\/lk-machines.cz\/en\/wp-json\/wp\/v2\/users\/1"}],"replies":[{"embeddable":true,"href":"http:\/\/lk-machines.cz\/en\/wp-json\/wp\/v2\/comments?post=576"}],"version-history":[{"count":2,"href":"http:\/\/lk-machines.cz\/en\/wp-json\/wp\/v2\/pages\/576\/revisions"}],"predecessor-version":[{"id":579,"href":"http:\/\/lk-machines.cz\/en\/wp-json\/wp\/v2\/pages\/576\/revisions\/579"}],"wp:attachment":[{"href":"http:\/\/lk-machines.cz\/en\/wp-json\/wp\/v2\/media?parent=576"}],"curies":[{"name":"wp","href":"https:\/\/api.w.org\/{rel}","templated":true}]}}