{"id":401,"date":"2015-07-29T07:13:20","date_gmt":"2015-07-29T06:13:20","guid":{"rendered":"http:\/\/lk-machines.cz\/?page_id=401"},"modified":"2025-08-28T06:57:34","modified_gmt":"2025-08-28T05:57:34","slug":"en-lk-machines","status":"publish","type":"page","link":"http:\/\/lk-machines.cz\/en\/en-lk-machines\/","title":{"rendered":"LK Machines"},"content":{"rendered":"<p>Spole\u010dnost LK Machines, s.r.o. nab\u00edz\u00ed dod\u00e1vku a servis p\u0159esn\u00fdch\u00a0\u0161roubovac\u00edch a lisovac\u00edch syst\u00e9m\u016f. Specializujeme se zejm\u00e9na na oblast automotive a stroj\u00edrenstv\u00ed s c\u00edlem zv\u00fd\u0161it automatizaci mont\u00e1\u017en\u00edch proces\u016f a kapacitu produkce.<\/p>\n<p>Spole\u010dnost LK Machines, s.r.o. je nov\u00fdm ofici\u00e1ln\u00edm zastoupen\u00edm spole\u010dnosti DSM Messtechnik GmbH v \u010cesk\u00e9 republice a na Slovensku.\u00a0 Pro rozvoj obchodn\u00edch aktivit a servisn\u00ed podpory ve jmenovan\u00fdch regionech m\u00e1me plnou podporu spole\u010dnosti DSM Messtechnik GmbH.<\/p>\n<p>Obchodn\u00ed t\u00fdm LK Machines, s.r.o. m\u00e1 zku\u0161enostmi z\u00a0oblasti prodeje techniky, technick\u00e9 podpory a servisu. Disponujeme servisn\u00edmi kapacitami a skladov\u00fdmi z\u00e1sobami n\u00e1hradn\u00edch d\u00edl\u016f pro zaji\u0161t\u011bn\u00ed rychl\u00e9ho a kvalitn\u00edho servisu. M\u00e1me k\u00a0dispozici kalibra\u010dn\u00ed laborato\u0159 a vybaven\u00ed pro prov\u00e1d\u011bn\u00ed kalibrac\u00ed v\u00a0provozovn\u011b z\u00e1kazn\u00edka.<\/p>\n<p>Jsme p\u0159esv\u011bd\u010deni, \u017ee spole\u010dnost LK Machines, s.r.o. V\u00e1m bude siln\u00fdm partnerem a t\u011b\u0161\u00edme se na rozvoj vz\u00e1jemn\u00e9 spolupr\u00e1ce.<\/p>\n<p>V\u00e1\u0161 obchodn\u00ed t\u00fdm LK Machines, s.r.o.<\/p>\n<p><a href=\"http:\/\/lk-machines.cz\/wp-content\/uploads\/2016\/01\/LK-Machines_p\u0159ehled-technologi\u00ed_VELK\u00c9-ROZLI\u0160EN\u00cd.pdf\" target=\"_blank\">P\u0159ehled technologi\u00ed ke sta\u017een\u00ed zde<\/a><\/p>","protected":false},"excerpt":{"rendered":"<p>Spole\u010dnost LK Machines, s.r.o. nab\u00edz\u00ed dod\u00e1vku a servis p\u0159esn\u00fdch\u00a0\u0161roubovac\u00edch a lisovac\u00edch syst\u00e9m\u016f. Specializujeme se zejm\u00e9na na oblast automotive a stroj\u00edrenstv\u00ed s c\u00edlem zv\u00fd\u0161it automatizaci mont\u00e1\u017en\u00edch proces\u016f a kapacitu produkce. Spole\u010dnost LK Machines, s.r.o. je nov\u00fdm ofici\u00e1ln\u00edm zastoupen\u00edm spole\u010dnosti DSM Messtechnik &hellip; <a href=\"http:\/\/lk-machines.cz\/en\/en-lk-machines\/\">Continue reading <span class=\"meta-nav\">&rarr;<\/span><\/a><\/p>\n","protected":false},"author":1,"featured_media":0,"parent":0,"menu_order":0,"comment_status":"open","ping_status":"open","template":"","meta":[],"_links":{"self":[{"href":"http:\/\/lk-machines.cz\/en\/wp-json\/wp\/v2\/pages\/401"}],"collection":[{"href":"http:\/\/lk-machines.cz\/en\/wp-json\/wp\/v2\/pages"}],"about":[{"href":"http:\/\/lk-machines.cz\/en\/wp-json\/wp\/v2\/types\/page"}],"author":[{"embeddable":true,"href":"http:\/\/lk-machines.cz\/en\/wp-json\/wp\/v2\/users\/1"}],"replies":[{"embeddable":true,"href":"http:\/\/lk-machines.cz\/en\/wp-json\/wp\/v2\/comments?post=401"}],"version-history":[{"count":16,"href":"http:\/\/lk-machines.cz\/en\/wp-json\/wp\/v2\/pages\/401\/revisions"}],"predecessor-version":[{"id":2251,"href":"http:\/\/lk-machines.cz\/en\/wp-json\/wp\/v2\/pages\/401\/revisions\/2251"}],"wp:attachment":[{"href":"http:\/\/lk-machines.cz\/en\/wp-json\/wp\/v2\/media?parent=401"}],"curies":[{"name":"wp","href":"https:\/\/api.w.org\/{rel}","templated":true}]}}