{"id":1880,"date":"2017-11-29T15:51:40","date_gmt":"2017-11-29T14:51:40","guid":{"rendered":"http:\/\/lk-machines.cz\/?page_id=1880"},"modified":"2017-12-11T14:16:50","modified_gmt":"2017-12-11T13:16:50","slug":"pozicni-sestavy","status":"publish","type":"page","link":"http:\/\/lk-machines.cz\/en\/stein\/stein-300\/pozicni-sestavy\/","title":{"rendered":"(\u010ce\u0161tina) Pozi\u010dn\u00ed sestavy"},"content":{"rendered":"<p class=\"qtranxs-available-languages-message qtranxs-available-languages-message-en\">Sorry, this entry is only available in <a href=\"http:\/\/lk-machines.cz\/cs\/wp-json\/wp\/v2\/pages\/1880\" class=\"qtranxs-available-language-link qtranxs-available-language-link-cs\" title=\"\u010ce\u0161tina\">Czech<\/a>.<\/p>","protected":false},"excerpt":{"rendered":"","protected":false},"author":2,"featured_media":2157,"parent":1854,"menu_order":12,"comment_status":"open","ping_status":"open","template":"","meta":[],"_links":{"self":[{"href":"http:\/\/lk-machines.cz\/en\/wp-json\/wp\/v2\/pages\/1880"}],"collection":[{"href":"http:\/\/lk-machines.cz\/en\/wp-json\/wp\/v2\/pages"}],"about":[{"href":"http:\/\/lk-machines.cz\/en\/wp-json\/wp\/v2\/types\/page"}],"author":[{"embeddable":true,"href":"http:\/\/lk-machines.cz\/en\/wp-json\/wp\/v2\/users\/2"}],"replies":[{"embeddable":true,"href":"http:\/\/lk-machines.cz\/en\/wp-json\/wp\/v2\/comments?post=1880"}],"version-history":[{"count":4,"href":"http:\/\/lk-machines.cz\/en\/wp-json\/wp\/v2\/pages\/1880\/revisions"}],"predecessor-version":[{"id":2158,"href":"http:\/\/lk-machines.cz\/en\/wp-json\/wp\/v2\/pages\/1880\/revisions\/2158"}],"up":[{"embeddable":true,"href":"http:\/\/lk-machines.cz\/en\/wp-json\/wp\/v2\/pages\/1854"}],"wp:featuredmedia":[{"embeddable":true,"href":"http:\/\/lk-machines.cz\/en\/wp-json\/wp\/v2\/media\/2157"}],"wp:attachment":[{"href":"http:\/\/lk-machines.cz\/en\/wp-json\/wp\/v2\/media?parent=1880"}],"curies":[{"name":"wp","href":"https:\/\/api.w.org\/{rel}","templated":true}]}}