{"id":1872,"date":"2017-11-29T15:49:03","date_gmt":"2017-11-29T14:49:03","guid":{"rendered":"http:\/\/lk-machines.cz\/?page_id=1872"},"modified":"2017-12-11T14:03:25","modified_gmt":"2017-12-11T13:03:25","slug":"zakladny","status":"publish","type":"page","link":"http:\/\/lk-machines.cz\/en\/stein\/stein-300\/zakladny\/","title":{"rendered":"(\u010ce\u0161tina) Z\u00e1kladny"},"content":{"rendered":"<p class=\"qtranxs-available-languages-message qtranxs-available-languages-message-en\">Sorry, this entry is only available in <a href=\"http:\/\/lk-machines.cz\/cs\/wp-json\/wp\/v2\/pages\/1872\" class=\"qtranxs-available-language-link qtranxs-available-language-link-cs\" title=\"\u010ce\u0161tina\">Czech<\/a>.<\/p>","protected":false},"excerpt":{"rendered":"","protected":false},"author":2,"featured_media":2138,"parent":1854,"menu_order":8,"comment_status":"open","ping_status":"open","template":"","meta":[],"_links":{"self":[{"href":"http:\/\/lk-machines.cz\/en\/wp-json\/wp\/v2\/pages\/1872"}],"collection":[{"href":"http:\/\/lk-machines.cz\/en\/wp-json\/wp\/v2\/pages"}],"about":[{"href":"http:\/\/lk-machines.cz\/en\/wp-json\/wp\/v2\/types\/page"}],"author":[{"embeddable":true,"href":"http:\/\/lk-machines.cz\/en\/wp-json\/wp\/v2\/users\/2"}],"replies":[{"embeddable":true,"href":"http:\/\/lk-machines.cz\/en\/wp-json\/wp\/v2\/comments?post=1872"}],"version-history":[{"count":2,"href":"http:\/\/lk-machines.cz\/en\/wp-json\/wp\/v2\/pages\/1872\/revisions"}],"predecessor-version":[{"id":2139,"href":"http:\/\/lk-machines.cz\/en\/wp-json\/wp\/v2\/pages\/1872\/revisions\/2139"}],"up":[{"embeddable":true,"href":"http:\/\/lk-machines.cz\/en\/wp-json\/wp\/v2\/pages\/1854"}],"wp:featuredmedia":[{"embeddable":true,"href":"http:\/\/lk-machines.cz\/en\/wp-json\/wp\/v2\/media\/2138"}],"wp:attachment":[{"href":"http:\/\/lk-machines.cz\/en\/wp-json\/wp\/v2\/media?parent=1872"}],"curies":[{"name":"wp","href":"https:\/\/api.w.org\/{rel}","templated":true}]}}