{"id":1868,"date":"2017-11-29T15:48:00","date_gmt":"2017-11-29T14:48:00","guid":{"rendered":"http:\/\/lk-machines.cz\/?page_id=1868"},"modified":"2017-12-11T14:22:58","modified_gmt":"2017-12-11T13:22:58","slug":"pozicovaci-zarizeni","status":"publish","type":"page","link":"http:\/\/lk-machines.cz\/en\/stein\/stein-300\/pozicovaci-zarizeni\/","title":{"rendered":"(\u010ce\u0161tina) Pozicovac\u00ed za\u0159\u00edzen\u00ed"},"content":{"rendered":"<p class=\"qtranxs-available-languages-message qtranxs-available-languages-message-en\">Sorry, this entry is only available in <a href=\"http:\/\/lk-machines.cz\/cs\/wp-json\/wp\/v2\/pages\/1868\" class=\"qtranxs-available-language-link qtranxs-available-language-link-cs\" title=\"\u010ce\u0161tina\">Czech<\/a>.<\/p>","protected":false},"excerpt":{"rendered":"","protected":false},"author":2,"featured_media":2162,"parent":1854,"menu_order":6,"comment_status":"open","ping_status":"open","template":"","meta":[],"_links":{"self":[{"href":"http:\/\/lk-machines.cz\/en\/wp-json\/wp\/v2\/pages\/1868"}],"collection":[{"href":"http:\/\/lk-machines.cz\/en\/wp-json\/wp\/v2\/pages"}],"about":[{"href":"http:\/\/lk-machines.cz\/en\/wp-json\/wp\/v2\/types\/page"}],"author":[{"embeddable":true,"href":"http:\/\/lk-machines.cz\/en\/wp-json\/wp\/v2\/users\/2"}],"replies":[{"embeddable":true,"href":"http:\/\/lk-machines.cz\/en\/wp-json\/wp\/v2\/comments?post=1868"}],"version-history":[{"count":2,"href":"http:\/\/lk-machines.cz\/en\/wp-json\/wp\/v2\/pages\/1868\/revisions"}],"predecessor-version":[{"id":2129,"href":"http:\/\/lk-machines.cz\/en\/wp-json\/wp\/v2\/pages\/1868\/revisions\/2129"}],"up":[{"embeddable":true,"href":"http:\/\/lk-machines.cz\/en\/wp-json\/wp\/v2\/pages\/1854"}],"wp:featuredmedia":[{"embeddable":true,"href":"http:\/\/lk-machines.cz\/en\/wp-json\/wp\/v2\/media\/2162"}],"wp:attachment":[{"href":"http:\/\/lk-machines.cz\/en\/wp-json\/wp\/v2\/media?parent=1868"}],"curies":[{"name":"wp","href":"https:\/\/api.w.org\/{rel}","templated":true}]}}