{"id":1862,"date":"2017-11-29T15:45:44","date_gmt":"2017-11-29T14:45:44","guid":{"rendered":"http:\/\/lk-machines.cz\/?page_id=1862"},"modified":"2017-12-13T13:39:14","modified_gmt":"2017-12-13T12:39:14","slug":"prenosova-a-otocna-zarizeni","status":"publish","type":"page","link":"http:\/\/lk-machines.cz\/en\/stein\/stein-300\/prenosova-a-otocna-zarizeni\/","title":{"rendered":"(\u010ce\u0161tina) P\u0159enosov\u00e1 a oto\u010dn\u00e1 za\u0159\u00edzen\u00ed"},"content":{"rendered":"<p class=\"qtranxs-available-languages-message qtranxs-available-languages-message-en\">Sorry, this entry is only available in <a href=\"http:\/\/lk-machines.cz\/cs\/wp-json\/wp\/v2\/pages\/1862\" class=\"qtranxs-available-language-link qtranxs-available-language-link-cs\" title=\"\u010ce\u0161tina\">Czech<\/a>.<\/p>","protected":false},"excerpt":{"rendered":"","protected":false},"author":2,"featured_media":2165,"parent":1854,"menu_order":3,"comment_status":"open","ping_status":"open","template":"","meta":[],"_links":{"self":[{"href":"http:\/\/lk-machines.cz\/en\/wp-json\/wp\/v2\/pages\/1862"}],"collection":[{"href":"http:\/\/lk-machines.cz\/en\/wp-json\/wp\/v2\/pages"}],"about":[{"href":"http:\/\/lk-machines.cz\/en\/wp-json\/wp\/v2\/types\/page"}],"author":[{"embeddable":true,"href":"http:\/\/lk-machines.cz\/en\/wp-json\/wp\/v2\/users\/2"}],"replies":[{"embeddable":true,"href":"http:\/\/lk-machines.cz\/en\/wp-json\/wp\/v2\/comments?post=1862"}],"version-history":[{"count":2,"href":"http:\/\/lk-machines.cz\/en\/wp-json\/wp\/v2\/pages\/1862\/revisions"}],"predecessor-version":[{"id":2111,"href":"http:\/\/lk-machines.cz\/en\/wp-json\/wp\/v2\/pages\/1862\/revisions\/2111"}],"up":[{"embeddable":true,"href":"http:\/\/lk-machines.cz\/en\/wp-json\/wp\/v2\/pages\/1854"}],"wp:featuredmedia":[{"embeddable":true,"href":"http:\/\/lk-machines.cz\/en\/wp-json\/wp\/v2\/media\/2165"}],"wp:attachment":[{"href":"http:\/\/lk-machines.cz\/en\/wp-json\/wp\/v2\/media?parent=1862"}],"curies":[{"name":"wp","href":"https:\/\/api.w.org\/{rel}","templated":true}]}}