{"id":1847,"date":"2017-11-29T15:03:29","date_gmt":"2017-11-29T14:03:29","guid":{"rendered":"http:\/\/lk-machines.cz\/?page_id=1847"},"modified":"2017-12-13T13:41:48","modified_gmt":"2017-12-13T12:41:48","slug":"o-spolecnosti-stein","status":"publish","type":"page","link":"http:\/\/lk-machines.cz\/en\/stein\/o-spolecnosti-stein\/","title":{"rendered":"(\u010ce\u0161tina) O spole\u010dnosti STEIN"},"content":{"rendered":"<p class=\"qtranxs-available-languages-message qtranxs-available-languages-message-en\">Sorry, this entry is only available in <a href=\"http:\/\/lk-machines.cz\/cs\/wp-json\/wp\/v2\/pages\/1847\" class=\"qtranxs-available-language-link qtranxs-available-language-link-cs\" title=\"\u010ce\u0161tina\">Czech<\/a>.<\/p>","protected":false},"excerpt":{"rendered":"<p>Sorry, this entry is only available in Czech.<\/p>\n","protected":false},"author":2,"featured_media":1943,"parent":1841,"menu_order":0,"comment_status":"open","ping_status":"open","template":"","meta":[],"_links":{"self":[{"href":"http:\/\/lk-machines.cz\/en\/wp-json\/wp\/v2\/pages\/1847"}],"collection":[{"href":"http:\/\/lk-machines.cz\/en\/wp-json\/wp\/v2\/pages"}],"about":[{"href":"http:\/\/lk-machines.cz\/en\/wp-json\/wp\/v2\/types\/page"}],"author":[{"embeddable":true,"href":"http:\/\/lk-machines.cz\/en\/wp-json\/wp\/v2\/users\/2"}],"replies":[{"embeddable":true,"href":"http:\/\/lk-machines.cz\/en\/wp-json\/wp\/v2\/comments?post=1847"}],"version-history":[{"count":5,"href":"http:\/\/lk-machines.cz\/en\/wp-json\/wp\/v2\/pages\/1847\/revisions"}],"predecessor-version":[{"id":2169,"href":"http:\/\/lk-machines.cz\/en\/wp-json\/wp\/v2\/pages\/1847\/revisions\/2169"}],"up":[{"embeddable":true,"href":"http:\/\/lk-machines.cz\/en\/wp-json\/wp\/v2\/pages\/1841"}],"wp:featuredmedia":[{"embeddable":true,"href":"http:\/\/lk-machines.cz\/en\/wp-json\/wp\/v2\/media\/1943"}],"wp:attachment":[{"href":"http:\/\/lk-machines.cz\/en\/wp-json\/wp\/v2\/media?parent=1847"}],"curies":[{"name":"wp","href":"https:\/\/api.w.org\/{rel}","templated":true}]}}