{"id":1791,"date":"2017-09-21T14:19:19","date_gmt":"2017-09-21T13:19:19","guid":{"rendered":"http:\/\/lk-machines.cz\/?page_id=1791"},"modified":"2017-09-21T14:19:19","modified_gmt":"2017-09-21T13:19:19","slug":"dsm_ke-stazeni","status":"publish","type":"page","link":"http:\/\/lk-machines.cz\/en\/ke-stazeni\/dsm_ke-stazeni\/","title":{"rendered":"(\u010ce\u0161tina) DSM_ke sta\u017een\u00ed"},"content":{"rendered":"","protected":false},"excerpt":{"rendered":"","protected":false},"author":2,"featured_media":0,"parent":1760,"menu_order":0,"comment_status":"open","ping_status":"open","template":"","meta":[],"_links":{"self":[{"href":"http:\/\/lk-machines.cz\/en\/wp-json\/wp\/v2\/pages\/1791"}],"collection":[{"href":"http:\/\/lk-machines.cz\/en\/wp-json\/wp\/v2\/pages"}],"about":[{"href":"http:\/\/lk-machines.cz\/en\/wp-json\/wp\/v2\/types\/page"}],"author":[{"embeddable":true,"href":"http:\/\/lk-machines.cz\/en\/wp-json\/wp\/v2\/users\/2"}],"replies":[{"embeddable":true,"href":"http:\/\/lk-machines.cz\/en\/wp-json\/wp\/v2\/comments?post=1791"}],"version-history":[{"count":1,"href":"http:\/\/lk-machines.cz\/en\/wp-json\/wp\/v2\/pages\/1791\/revisions"}],"predecessor-version":[{"id":1792,"href":"http:\/\/lk-machines.cz\/en\/wp-json\/wp\/v2\/pages\/1791\/revisions\/1792"}],"up":[{"embeddable":true,"href":"http:\/\/lk-machines.cz\/en\/wp-json\/wp\/v2\/pages\/1760"}],"wp:attachment":[{"href":"http:\/\/lk-machines.cz\/en\/wp-json\/wp\/v2\/media?parent=1791"}],"curies":[{"name":"wp","href":"https:\/\/api.w.org\/{rel}","templated":true}]}}