{"id":1760,"date":"2017-09-15T08:46:56","date_gmt":"2017-09-15T07:46:56","guid":{"rendered":"http:\/\/lk-machines.cz\/?page_id=1760"},"modified":"2021-02-10T13:11:03","modified_gmt":"2021-02-10T12:11:03","slug":"ke-stazeni","status":"publish","type":"page","link":"http:\/\/lk-machines.cz\/en\/ke-stazeni\/","title":{"rendered":"(\u010ce\u0161tina) Ke sta\u017een\u00ed"},"content":{"rendered":"<p class=\"qtranxs-available-languages-message qtranxs-available-languages-message-en\">Sorry, this entry is only available in <a href=\"http:\/\/lk-machines.cz\/cs\/wp-json\/wp\/v2\/pages\/1760\" class=\"qtranxs-available-language-link qtranxs-available-language-link-cs\" title=\"\u010ce\u0161tina\">Czech<\/a>.<\/p>","protected":false},"excerpt":{"rendered":"<p>Sorry, this entry is only available in Czech.<\/p>\n","protected":false},"author":1,"featured_media":0,"parent":0,"menu_order":0,"comment_status":"open","ping_status":"open","template":"","meta":[],"_links":{"self":[{"href":"http:\/\/lk-machines.cz\/en\/wp-json\/wp\/v2\/pages\/1760"}],"collection":[{"href":"http:\/\/lk-machines.cz\/en\/wp-json\/wp\/v2\/pages"}],"about":[{"href":"http:\/\/lk-machines.cz\/en\/wp-json\/wp\/v2\/types\/page"}],"author":[{"embeddable":true,"href":"http:\/\/lk-machines.cz\/en\/wp-json\/wp\/v2\/users\/1"}],"replies":[{"embeddable":true,"href":"http:\/\/lk-machines.cz\/en\/wp-json\/wp\/v2\/comments?post=1760"}],"version-history":[{"count":14,"href":"http:\/\/lk-machines.cz\/en\/wp-json\/wp\/v2\/pages\/1760\/revisions"}],"predecessor-version":[{"id":2253,"href":"http:\/\/lk-machines.cz\/en\/wp-json\/wp\/v2\/pages\/1760\/revisions\/2253"}],"wp:attachment":[{"href":"http:\/\/lk-machines.cz\/en\/wp-json\/wp\/v2\/media?parent=1760"}],"curies":[{"name":"wp","href":"https:\/\/api.w.org\/{rel}","templated":true}]}}