{"id":14,"date":"2015-07-23T14:34:10","date_gmt":"2015-07-23T13:34:10","guid":{"rendered":"http:\/\/lk-machines.cz\/?page_id=14"},"modified":"2017-09-13T14:12:13","modified_gmt":"2017-09-13T13:12:13","slug":"dsm","status":"publish","type":"page","link":"http:\/\/lk-machines.cz\/en\/dsm\/","title":{"rendered":"Produkty"},"content":{"rendered":"<p><img decoding=\"async\" loading=\"lazy\" class=\"alignnone size-full wp-image-77\" src=\"http:\/\/lk-machines.cz\/wp-content\/uploads\/2015\/07\/dsm_logo.gif\" alt=\"dsm_logo\" width=\"149\" height=\"34\" \/><\/p>\n<p>Dod\u00e1v\u00e1me\u00a0pro v\u00e1s\u00a0produkty n\u011bmeck\u00e9 spole\u010dnosti\u00a0DSM Messtechnik GmbH, jich\u017e jsme v\u00fdhradn\u00ed obchodn\u00ed a servisn\u00ed zastoupen\u00ed.\u00a0Hlavn\u00ed skupiny na\u0161ich produkt\u016f jsou:<\/p>\n<h2>Spojovac\u00ed technika &#8211; lisy DSM<\/h2>\n<p>Elektro &#8211; servo lisy\u00a0jsou p\u0159esn\u00e9 silov\u00e9 jednotky pracuj\u00edc\u00ed na principu pohonu mechanick\u00e9ho v\u0159etene elektro \u2013 servo motorem. Ve\u0161ker\u00e9 parametry pohybu pracovn\u00edho p\u00edstu (s\u00edla posunu, dr\u00e1ha, rychlost atd.) jsou pln\u011b programovateln\u00e9 a n\u00e1sledn\u011b p\u0159i lisovac\u00edm procesu je mo\u017enost jejich sledov\u00e1n\u00ed a vyhodnocov\u00e1n\u00ed. Tato technologie zaru\u010duje neb\u00fdvalou p\u0159esnost t\u011bchto proces\u016f. P\u0159esnost n\u00e1jezdu cca. 0,01 mm, p\u0159esnost s\u00edly do 1 % max. s\u00edly v\u0159etene. Tyto jednotky se vyr\u00e1b\u011bj\u00ed v silov\u00fdch variant\u00e1ch umo\u017e\u0148uj\u00edc\u00ed max. s\u00edlu 50 N a\u017e 120\u00a0kN. D\u00e9lka zdvihu v z\u00e1vislosti na proveden\u00ed v\u0159etena je a\u017e 500 mm.<\/p>\n<h2>\u0160roubovac\u00ed technika DSM<\/h2>\n<p>Elektro &#8211; servo \u0161roubovac\u00ed v\u0159etena jsou vysoce p\u0159esn\u00e9 \u0161roubovac\u00ed \/ utahovac\u00ed syst\u00e9my. Mezi jejich p\u0159ednosti pat\u0159\u00ed mo\u017enost kompletn\u00edho naprogramov\u00e1n\u00ed \u0161roubovac\u00edho procesu a jeho n\u00e1sledn\u00e9 monitorov\u00e1n\u00ed. P\u0159esnost \u0161roubovac\u00edho procesu je zaru\u010dena sn\u00edma\u010di pooto\u010den\u00ed \u0161roubov\u00e1ku s p\u0159esnost\u00ed 0,1\u00b0. Krout\u00edc\u00ed moment je sn\u00edm\u00e1n p\u0159\u00edmou, nep\u0159\u00edmou, \u010di kombinovanou metodou k zaru\u010den\u00ed vysok\u00e9 p\u0159esnosti procesu.<\/p>\n<h2>\u0158\u00edd\u00edc\u00ed jednotky DSM<\/h2>\n<p>\u0158\u00edd\u00edc\u00ed jednotky jsou dod\u00e1v\u00e1ny pro oba tyto syst\u00e9my. Umo\u017e\u0148uj\u00ed programov\u00e1n\u00ed v\u0161ech parametr\u016f proces\u016f, jejich vyhodnocov\u00e1n\u00ed, grafick\u00e9 zobrazen\u00ed sledovan\u00fdch proces\u016f a n\u00e1slednou archivaci. Je mo\u017en\u00e9 ulo\u017een\u00ed a\u017e 2 x 128 program\u016f p\u0159\u00edmo v jednotce, p\u0159\u00edpadn\u011b neomezen\u00e9 mno\u017estv\u00ed p\u0159i ulo\u017een\u00ed do PC. D\u00e1le je mo\u017enost ukl\u00e1d\u00e1n\u00ed program\u016f, \u010di nam\u011b\u0159en\u00fdch hodnot do zabudovan\u00e9 CF pam\u011b\u0165ov\u00e9 karty. Samoz\u0159ejmost\u00ed je mo\u017enost propojen\u00ed \u0159\u00edzen\u00ed p\u0159es ProfiBus, EtherNet\/IP, a RS 232. V\u0161echny tyto p\u0159ednosti, v\u010detn\u011b vysok\u00e9 \u017eivotnosti, zaru\u010duj\u00ed bezprobl\u00e9mov\u00fd chod, jednoduchou obsluhu a nejvy\u0161\u0161\u00ed kvalitu t\u011bchto proces\u016f.<\/p>\n<h1><\/h1>\n<p><\/p>","protected":false},"excerpt":{"rendered":"<p>Dod\u00e1v\u00e1me\u00a0pro v\u00e1s\u00a0produkty n\u011bmeck\u00e9 spole\u010dnosti\u00a0DSM Messtechnik GmbH, jich\u017e jsme v\u00fdhradn\u00ed obchodn\u00ed a servisn\u00ed zastoupen\u00ed.\u00a0Hlavn\u00ed skupiny na\u0161ich produkt\u016f jsou: Spojovac\u00ed technika &#8211; lisy DSM Elektro &#8211; servo lisy\u00a0jsou p\u0159esn\u00e9 silov\u00e9 jednotky pracuj\u00edc\u00ed na principu pohonu mechanick\u00e9ho v\u0159etene elektro \u2013 servo motorem. Ve\u0161ker\u00e9 &hellip; <a href=\"http:\/\/lk-machines.cz\/en\/dsm\/\">Continue reading <span class=\"meta-nav\">&rarr;<\/span><\/a><\/p>\n","protected":false},"author":1,"featured_media":0,"parent":0,"menu_order":0,"comment_status":"open","ping_status":"open","template":"","meta":[],"_links":{"self":[{"href":"http:\/\/lk-machines.cz\/en\/wp-json\/wp\/v2\/pages\/14"}],"collection":[{"href":"http:\/\/lk-machines.cz\/en\/wp-json\/wp\/v2\/pages"}],"about":[{"href":"http:\/\/lk-machines.cz\/en\/wp-json\/wp\/v2\/types\/page"}],"author":[{"embeddable":true,"href":"http:\/\/lk-machines.cz\/en\/wp-json\/wp\/v2\/users\/1"}],"replies":[{"embeddable":true,"href":"http:\/\/lk-machines.cz\/en\/wp-json\/wp\/v2\/comments?post=14"}],"version-history":[{"count":19,"href":"http:\/\/lk-machines.cz\/en\/wp-json\/wp\/v2\/pages\/14\/revisions"}],"predecessor-version":[{"id":1699,"href":"http:\/\/lk-machines.cz\/en\/wp-json\/wp\/v2\/pages\/14\/revisions\/1699"}],"wp:attachment":[{"href":"http:\/\/lk-machines.cz\/en\/wp-json\/wp\/v2\/media?parent=14"}],"curies":[{"name":"wp","href":"https:\/\/api.w.org\/{rel}","templated":true}]}}