{"id":12,"date":"2015-07-23T14:33:24","date_gmt":"2015-07-23T13:33:24","guid":{"rendered":"http:\/\/lk-machines.cz\/?page_id=12"},"modified":"2021-02-10T13:10:15","modified_gmt":"2021-02-10T12:10:15","slug":"sluzby","status":"publish","type":"page","link":"http:\/\/lk-machines.cz\/en\/sluzby\/","title":{"rendered":"Slu\u017eby"},"content":{"rendered":"<p>\u00a0<\/p>\n<p><strong>Prod\u00e1v\u00e1me\u00a0komponenty pro automatizaci<\/strong>. Na\u0161imi klienty jsou v\u00fdrobci jedno\u00fa\u010delov\u00fdch stroj\u016f a za\u0159\u00edzen\u00ed, v\u00fdrobn\u00ed a mont\u00e1\u017en\u00ed spole\u010dnosti.<\/p>\n<p><strong>Prov\u00e1d\u00edme servis\u00a0n\u00e1mi nab\u00edzen\u00fdch produkt\u016f<\/strong>.\u00a0Pro tyto pot\u0159eby m\u00e1me sv\u00e9 vlastn\u00ed servisn\u00ed z\u00e1zem\u00ed. Na p\u0159\u00e1n\u00ed z\u00e1kazn\u00edka prov\u00e1d\u00edme servis p\u0159\u00edmo na m\u00edst\u011b. \u00dazce spolupracujeme s\u00a0v\u00fdrobci za\u0159\u00edzen\u00ed.<\/p>\n<p><strong>Prov\u00e1d\u00edme kalibrace\u00a0<\/strong>n\u00e1mi nab\u00edzen\u00fdch produkt\u016f.\u00a0Disponujeme certifikovanou kalibra\u010dn\u00ed laborato\u0159\u00ed u v\u00fdrobce, kalibra\u010dn\u00ed kontrolu senzor\u016f prov\u00e1d\u00edme tak\u00e9 p\u0159\u00edmo u z\u00e1kazn\u00edka.<\/p>\n<p><strong>Programujeme\u00a0\u0159\u00edd\u00edc\u00ed jednotky<\/strong> pro n\u00e1mi nab\u00edzen\u00e9 produkty.\u00a0Prov\u00e1d\u00edme softwarov\u00e9 \u00fapravy jednotek dle po\u017eadavk\u016f z\u00e1kazn\u00edk\u016f.<\/p>\n<p><strong>Prov\u00e1d\u00edme \u0161kolen\u00ed obsluhy <\/strong>dodan\u00fdch za\u0159\u00edzen\u00ed.\u00a0Za\u0161kol\u00edme na z\u00e1klady programov\u00e1n\u00ed a nastaven\u00ed syst\u00e9mu.<\/p>\n<p><strong>Poskytujeme technick\u00e9 poradenstv\u00ed <\/strong>pro v\u00fdrobce jedno\u00fa\u010delov\u00fdch za\u0159\u00edzen\u00ed a kone\u010dn\u00e9 u\u017eivatele.\u00a0Komunikujeme technick\u00e1 \u0159e\u0161en\u00ed s\u00a0dodavatelem s\u00a0d\u016frazem na po\u017eadavky z\u00e1kazn\u00edka.<\/p>\n<p><strong>Prezentujeme\u00a0n\u00e1mi zastupovan\u00e9 zna\u010dky<\/strong> p\u0159\u00edmo ve v\u00fdrobn\u00edch z\u00e1vodech a na osobn\u00edch setk\u00e1n\u00edch.\u00a0Klademe d\u016fraz na kvalitu poskytovan\u00fdch slu\u017eeb.<\/p>","protected":false},"excerpt":{"rendered":"<p>\u00a0 Prod\u00e1v\u00e1me\u00a0komponenty pro automatizaci. Na\u0161imi klienty jsou v\u00fdrobci jedno\u00fa\u010delov\u00fdch stroj\u016f a za\u0159\u00edzen\u00ed, v\u00fdrobn\u00ed a mont\u00e1\u017en\u00ed spole\u010dnosti. Prov\u00e1d\u00edme servis\u00a0n\u00e1mi nab\u00edzen\u00fdch produkt\u016f.\u00a0Pro tyto pot\u0159eby m\u00e1me sv\u00e9 vlastn\u00ed servisn\u00ed z\u00e1zem\u00ed. Na p\u0159\u00e1n\u00ed z\u00e1kazn\u00edka prov\u00e1d\u00edme servis p\u0159\u00edmo na m\u00edst\u011b. \u00dazce spolupracujeme s\u00a0v\u00fdrobci za\u0159\u00edzen\u00ed. Prov\u00e1d\u00edme &hellip; <a href=\"http:\/\/lk-machines.cz\/en\/sluzby\/\">Continue reading <span class=\"meta-nav\">&rarr;<\/span><\/a><\/p>\n","protected":false},"author":1,"featured_media":0,"parent":0,"menu_order":0,"comment_status":"open","ping_status":"open","template":"","meta":[],"_links":{"self":[{"href":"http:\/\/lk-machines.cz\/en\/wp-json\/wp\/v2\/pages\/12"}],"collection":[{"href":"http:\/\/lk-machines.cz\/en\/wp-json\/wp\/v2\/pages"}],"about":[{"href":"http:\/\/lk-machines.cz\/en\/wp-json\/wp\/v2\/types\/page"}],"author":[{"embeddable":true,"href":"http:\/\/lk-machines.cz\/en\/wp-json\/wp\/v2\/users\/1"}],"replies":[{"embeddable":true,"href":"http:\/\/lk-machines.cz\/en\/wp-json\/wp\/v2\/comments?post=12"}],"version-history":[{"count":15,"href":"http:\/\/lk-machines.cz\/en\/wp-json\/wp\/v2\/pages\/12\/revisions"}],"predecessor-version":[{"id":2252,"href":"http:\/\/lk-machines.cz\/en\/wp-json\/wp\/v2\/pages\/12\/revisions\/2252"}],"wp:attachment":[{"href":"http:\/\/lk-machines.cz\/en\/wp-json\/wp\/v2\/media?parent=12"}],"curies":[{"name":"wp","href":"https:\/\/api.w.org\/{rel}","templated":true}]}}